{"id":6467,"date":"2024-08-12T12:10:26","date_gmt":"2024-08-12T12:10:26","guid":{"rendered":"https:\/\/podium19.nl\/billard-americain\/"},"modified":"2025-03-10T14:54:08","modified_gmt":"2025-03-10T14:54:08","slug":"billard-americain","status":"publish","type":"page","link":"https:\/\/podium19.nl\/fr\/billard-americain\/","title":{"rendered":"Billard am\u00e9ricain"},"content":{"rendered":"\t\t<div data-elementor-type=\"wp-page\" data-elementor-id=\"6467\" class=\"elementor elementor-6467 elementor-4975\" data-elementor-post-type=\"page\">\n\t\t\t\t<div class=\"elementor-element elementor-element-93ab6b8 e-con-full e-flex e-con e-parent\" data-id=\"93ab6b8\" data-element_type=\"container\" data-e-type=\"container\">\n\t\t<div class=\"elementor-element elementor-element-5d5f218 e-flex e-con-boxed e-con e-child\" data-id=\"5d5f218\" data-element_type=\"container\" data-e-type=\"container\" data-settings=\"{&quot;background_background&quot;:&quot;classic&quot;}\">\n\t\t\t\t\t<div class=\"e-con-inner\">\n\t\t\t\t<div class=\"elementor-element elementor-element-5f7bb25 elementor-widget elementor-widget-spacer\" data-id=\"5f7bb25\" data-element_type=\"widget\" data-e-type=\"widget\" data-widget_type=\"spacer.default\">\n\t\t\t\t<div class=\"elementor-widget-container\">\n\t\t\t\t\t\t\t<div class=\"elementor-spacer\">\n\t\t\t<div class=\"elementor-spacer-inner\"><\/div>\n\t\t<\/div>\n\t\t\t\t\t\t<\/div>\n\t\t\t\t<\/div>\n\t\t\t\t<div class=\"elementor-element elementor-element-e45cdfc elementor-widget elementor-widget-heading\" data-id=\"e45cdfc\" data-element_type=\"widget\" data-e-type=\"widget\" data-widget_type=\"heading.default\">\n\t\t\t\t<div class=\"elementor-widget-container\">\n\t\t\t\t\t<h1 class=\"elementor-heading-title elementor-size-default\">Billard Middelburg<\/h1>\t\t\t\t<\/div>\n\t\t\t\t<\/div>\n\t\t\t\t\t<\/div>\n\t\t\t\t<\/div>\n\t\t<div class=\"elementor-element elementor-element-443fba0 e-flex e-con-boxed e-con e-child\" data-id=\"443fba0\" data-element_type=\"container\" data-e-type=\"container\" data-settings=\"{&quot;background_background&quot;:&quot;classic&quot;}\">\n\t\t\t\t\t<div class=\"e-con-inner\">\n\t\t<div class=\"elementor-element elementor-element-ff6f6c2 e-con-full e-flex e-con e-child\" data-id=\"ff6f6c2\" data-element_type=\"container\" data-e-type=\"container\">\n\t\t\t\t<div class=\"elementor-element elementor-element-c29122f elementor-widget elementor-widget-heading\" data-id=\"c29122f\" data-element_type=\"widget\" data-e-type=\"widget\" data-widget_type=\"heading.default\">\n\t\t\t\t<div class=\"elementor-widget-container\">\n\t\t\t\t\t<h2 class=\"elementor-heading-title elementor-size-default\">Amenez vos amis au Podium19 pour une partie de billard.<\/h2>\t\t\t\t<\/div>\n\t\t\t\t<\/div>\n\t\t\t\t<div class=\"elementor-element elementor-element-f651fd9 elementor-widget__width-initial elementor-widget-tablet__width-initial elementor-widget elementor-widget-text-editor\" data-id=\"f651fd9\" data-element_type=\"widget\" data-e-type=\"widget\" data-widget_type=\"text-editor.default\">\n\t\t\t\t<div class=\"elementor-widget-container\">\n\t\t\t\t\t\t\t\t\t<p>Dans notre bar situ\u00e9 au 1er \u00e9tage du Podium19 \u00e0 Middelburg, en Z\u00e9lande, nous disposons de deux tables de billard. Tous les amateurs de billard sont les bienvenus.   <\/p>\n<p>Envie de socialiser et de vous d\u00e9tendre au billard ? Ou simplement venir boire une bi\u00e8re dans notre bar avec vos amis ? <\/p>\n\t\t\t\t\t\t\t\t<\/div>\n\t\t\t\t<\/div>\n\t\t\t\t<div class=\"elementor-element elementor-element-3043300 elementor-widget elementor-widget-heading\" data-id=\"3043300\" data-element_type=\"widget\" data-e-type=\"widget\" data-widget_type=\"heading.default\">\n\t\t\t\t<div class=\"elementor-widget-container\">\n\t\t\t\t\t<h2 class=\"elementor-heading-title elementor-size-default\">Venez jouer au billard \u00e0 Middelburg, Zeeland !<\/h2>\t\t\t\t<\/div>\n\t\t\t\t<\/div>\n\t\t\t\t<div class=\"elementor-element elementor-element-b71d36e elementor-widget elementor-widget-text-editor\" data-id=\"b71d36e\" data-element_type=\"widget\" data-e-type=\"widget\" data-widget_type=\"text-editor.default\">\n\t\t\t\t<div class=\"elementor-widget-container\">\n\t\t\t\t\t\t\t\t\t<p><span style=\"font-family: var( --e-global-typography-text-font-family ), Sans-serif; font-size: 1rem;\">Contactez-nous par t\u00e9l\u00e9phone pour r\u00e9server une table de billard. Aucune r\u00e9servation n&rsquo;est n\u00e9cessaire. <\/span><\/p>\n<h2>Prix Pool billard Middelburg :<\/h2>\n<div class=\"\">30 min 9.00  <\/div>\n<div class=\"\">1 heure 17,50<\/div>\n<div class=\"\"> <\/div>\n<div> <\/div>\n<div> <\/div>\n\t\t\t\t\t\t\t\t<\/div>\n\t\t\t\t<\/div>\n\t\t\t\t<\/div>\n\t\t<div class=\"elementor-element elementor-element-c6b3d48 e-con-full e-flex e-con e-child\" data-id=\"c6b3d48\" data-element_type=\"container\" data-e-type=\"container\">\n\t\t\t\t<div class=\"elementor-element elementor-element-5336084 elementor-widget elementor-widget-image\" data-id=\"5336084\" data-element_type=\"widget\" data-e-type=\"widget\" data-widget_type=\"image.default\">\n\t\t\t\t<div class=\"elementor-widget-container\">\n\t\t\t\t\t\t\t\t\t\t\t\t\t\t\t<img fetchpriority=\"high\" decoding=\"async\" width=\"800\" height=\"532\" src=\"https:\/\/podium19.nl\/wp-content\/uploads\/2024\/08\/Podium19_17-1024x681.jpg\" class=\"attachment-large size-large wp-image-4983\" alt=\"\" srcset=\"https:\/\/podium19.nl\/wp-content\/uploads\/2024\/08\/Podium19_17-1024x681.jpg 1024w, https:\/\/podium19.nl\/wp-content\/uploads\/2024\/08\/Podium19_17-300x200.jpg 300w, https:\/\/podium19.nl\/wp-content\/uploads\/2024\/08\/Podium19_17-768x511.jpg 768w, https:\/\/podium19.nl\/wp-content\/uploads\/2024\/08\/Podium19_17-1536x1022.jpg 1536w, https:\/\/podium19.nl\/wp-content\/uploads\/2024\/08\/Podium19_17.jpg 1920w\" sizes=\"(max-width: 800px) 100vw, 800px\" \/>\t\t\t\t\t\t\t\t\t\t\t\t\t\t\t<\/div>\n\t\t\t\t<\/div>\n\t\t\t\t<\/div>\n\t\t\t\t\t<\/div>\n\t\t\t\t<\/div>\n\t\t<div class=\"elementor-element elementor-element-ab926ca e-con-full e-flex e-con e-child\" data-id=\"ab926ca\" data-element_type=\"container\" data-e-type=\"container\" data-settings=\"{&quot;background_background&quot;:&quot;classic&quot;}\">\n\t\t<div class=\"elementor-element elementor-element-c5bd7ad e-con-full e-flex e-con e-child\" data-id=\"c5bd7ad\" data-element_type=\"container\" data-e-type=\"container\">\n\t\t\t\t<div class=\"elementor-element elementor-element-5257767 elementor-widget elementor-widget-image\" data-id=\"5257767\" data-element_type=\"widget\" data-e-type=\"widget\" data-widget_type=\"image.default\">\n\t\t\t\t<div class=\"elementor-widget-container\">\n\t\t\t\t\t\t\t\t\t\t\t\t\t\t\t<img decoding=\"async\" width=\"300\" height=\"300\" src=\"https:\/\/podium19.nl\/wp-content\/uploads\/2024\/08\/2.jpg\" class=\"attachment-medium size-medium wp-image-4987\" alt=\"\" srcset=\"https:\/\/podium19.nl\/wp-content\/uploads\/2024\/08\/2.jpg 300w, https:\/\/podium19.nl\/wp-content\/uploads\/2024\/08\/2-150x150.jpg 150w\" sizes=\"(max-width: 300px) 100vw, 300px\" \/>\t\t\t\t\t\t\t\t\t\t\t\t\t\t\t<\/div>\n\t\t\t\t<\/div>\n\t\t\t\t<\/div>\n\t\t<div class=\"elementor-element elementor-element-d388b68 e-con-full e-flex e-con e-child\" data-id=\"d388b68\" data-element_type=\"container\" data-e-type=\"container\">\n\t\t\t\t<div class=\"elementor-element elementor-element-edcc3ad elementor-widget elementor-widget-image\" data-id=\"edcc3ad\" data-element_type=\"widget\" data-e-type=\"widget\" data-widget_type=\"image.default\">\n\t\t\t\t<div class=\"elementor-widget-container\">\n\t\t\t\t\t\t\t\t\t\t\t\t\t\t\t<img decoding=\"async\" width=\"300\" height=\"300\" src=\"https:\/\/podium19.nl\/wp-content\/uploads\/2024\/08\/PB-300x300-1.png\" class=\"attachment-medium size-medium wp-image-4991\" alt=\"\" srcset=\"https:\/\/podium19.nl\/wp-content\/uploads\/2024\/08\/PB-300x300-1.png 300w, https:\/\/podium19.nl\/wp-content\/uploads\/2024\/08\/PB-300x300-1-150x150.png 150w\" sizes=\"(max-width: 300px) 100vw, 300px\" \/>\t\t\t\t\t\t\t\t\t\t\t\t\t\t\t<\/div>\n\t\t\t\t<\/div>\n\t\t\t\t<\/div>\n\t\t<div class=\"elementor-element elementor-element-96594d5 e-con-full e-flex e-con e-child\" data-id=\"96594d5\" data-element_type=\"container\" data-e-type=\"container\">\n\t\t\t\t<div class=\"elementor-element elementor-element-0d9ddee elementor-widget elementor-widget-image\" data-id=\"0d9ddee\" data-element_type=\"widget\" data-e-type=\"widget\" data-widget_type=\"image.default\">\n\t\t\t\t<div class=\"elementor-widget-container\">\n\t\t\t\t\t\t\t\t\t\t\t\t\t\t\t<img loading=\"lazy\" decoding=\"async\" width=\"300\" height=\"300\" src=\"https:\/\/podium19.nl\/wp-content\/uploads\/2024\/08\/1.jpg\" class=\"attachment-medium size-medium wp-image-4995\" alt=\"\" srcset=\"https:\/\/podium19.nl\/wp-content\/uploads\/2024\/08\/1.jpg 300w, https:\/\/podium19.nl\/wp-content\/uploads\/2024\/08\/1-150x150.jpg 150w\" sizes=\"(max-width: 300px) 100vw, 300px\" \/>\t\t\t\t\t\t\t\t\t\t\t\t\t\t\t<\/div>\n\t\t\t\t<\/div>\n\t\t\t\t<\/div>\n\t\t\t\t<\/div>\n\t\t\t\t<\/div>\n\t\t<div class=\"elementor-element elementor-element-440b702 e-flex e-con-boxed e-con e-parent\" data-id=\"440b702\" data-element_type=\"container\" data-e-type=\"container\" data-settings=\"{&quot;background_background&quot;:&quot;classic&quot;}\">\n\t\t\t\t\t<div class=\"e-con-inner\">\n\t\t\t\t<div class=\"elementor-element elementor-element-d511eb3 elementor-widget elementor-widget-global elementor-global-6166 elementor-global-1215 elementor-widget-image\" data-id=\"d511eb3\" data-element_type=\"widget\" data-e-type=\"widget\" data-widget_type=\"image.default\">\n\t\t\t\t<div class=\"elementor-widget-container\">\n\t\t\t\t\t\t\t\t\t\t\t\t\t\t\t<img loading=\"lazy\" decoding=\"async\" width=\"800\" height=\"169\" src=\"https:\/\/podium19.nl\/wp-content\/uploads\/2023\/05\/Group-12.png?wsr\" class=\"attachment-large size-large wp-image-1804\" alt=\"\" srcset=\"https:\/\/podium19.nl\/wp-content\/uploads\/2023\/05\/Group-12.png 900w, https:\/\/podium19.nl\/wp-content\/uploads\/2023\/05\/Group-12-300x63.png 300w, https:\/\/podium19.nl\/wp-content\/uploads\/2023\/05\/Group-12-768x162.png 768w\" sizes=\"(max-width: 800px) 100vw, 800px\" \/>\t\t\t\t\t\t\t\t\t\t\t\t\t\t\t<\/div>\n\t\t\t\t<\/div>\n\t\t\t\t\t<\/div>\n\t\t\t\t<\/div>\n\t\t\t\t<\/div>\n\t\t","protected":false},"excerpt":{"rendered":"<p>Billard Middelburg Amenez vos amis au Podium19 pour une partie de billard. Dans notre bar situ\u00e9 au 1er \u00e9tage du Podium19 \u00e0 Middelburg, en Z\u00e9lande, nous disposons de deux tables de billard. Tous les amateurs de billard sont les bienvenus. Envie de socialiser et de vous d\u00e9tendre au billard ? Ou simplement venir boire une [&hellip;]<\/p>\n","protected":false},"author":3680,"featured_media":0,"parent":0,"menu_order":0,"comment_status":"closed","ping_status":"closed","template":"","meta":{"_acf_changed":false,"footnotes":""},"class_list":["post-6467","page","type-page","status-publish","hentry"],"acf":[],"yoast_head":"<!-- This site is optimized with the Yoast SEO plugin v27.3 - https:\/\/yoast.com\/product\/yoast-seo-wordpress\/ -->\n<title>PoolBiljart \u00e0 Middelburg | Venez jouer au billard au Podium19<\/title>\n<meta name=\"description\" content=\"Jouez au billard \u00e0 Middelburg au Podium19 ! D\u00e9fiez vos amis lors d&#039;une partie dans notre bar. D\u00e9tente, convivialit\u00e9 et amusement. R\u00e9servez d\u00e8s maintenant !\" \/>\n<meta name=\"robots\" content=\"index, follow, max-snippet:-1, max-image-preview:large, max-video-preview:-1\" \/>\n<link rel=\"canonical\" href=\"https:\/\/podium19.nl\/fr\/billard-americain\/\" \/>\n<meta property=\"og:locale\" content=\"fr_FR\" \/>\n<meta property=\"og:type\" content=\"article\" \/>\n<meta property=\"og:title\" content=\"PoolBiljart \u00e0 Middelburg | Venez jouer au billard au Podium19\" \/>\n<meta property=\"og:description\" content=\"Jouez au billard \u00e0 Middelburg au Podium19 ! D\u00e9fiez vos amis lors d&#039;une partie dans notre bar. D\u00e9tente, convivialit\u00e9 et amusement. R\u00e9servez d\u00e8s maintenant !\" \/>\n<meta property=\"og:url\" content=\"https:\/\/podium19.nl\/fr\/billard-americain\/\" \/>\n<meta property=\"og:site_name\" content=\"Podium19\" \/>\n<meta property=\"article:modified_time\" content=\"2025-03-10T14:54:08+00:00\" \/>\n<meta property=\"og:image\" content=\"https:\/\/podium19.nl\/wp-content\/uploads\/2024\/08\/Podium19_17-1024x681.jpg?wsr\" \/>\n<meta name=\"twitter:card\" content=\"summary_large_image\" \/>\n<script type=\"application\/ld+json\" class=\"yoast-schema-graph\">{\"@context\":\"https:\\\/\\\/schema.org\",\"@graph\":[{\"@type\":\"WebPage\",\"@id\":\"https:\\\/\\\/podium19.nl\\\/fr\\\/billard-americain\\\/\",\"url\":\"https:\\\/\\\/podium19.nl\\\/fr\\\/billard-americain\\\/\",\"name\":\"PoolBiljart \u00e0 Middelburg | Venez jouer au billard au Podium19\",\"isPartOf\":{\"@id\":\"https:\\\/\\\/podium19.nl\\\/fr\\\/#website\"},\"primaryImageOfPage\":{\"@id\":\"https:\\\/\\\/podium19.nl\\\/fr\\\/billard-americain\\\/#primaryimage\"},\"image\":{\"@id\":\"https:\\\/\\\/podium19.nl\\\/fr\\\/billard-americain\\\/#primaryimage\"},\"thumbnailUrl\":\"https:\\\/\\\/podium19.nl\\\/wp-content\\\/uploads\\\/2024\\\/08\\\/Podium19_17-1024x681.jpg?wsr\",\"datePublished\":\"2024-08-12T12:10:26+00:00\",\"dateModified\":\"2025-03-10T14:54:08+00:00\",\"description\":\"Jouez au billard \u00e0 Middelburg au Podium19 ! D\u00e9fiez vos amis lors d'une partie dans notre bar. D\u00e9tente, convivialit\u00e9 et amusement. R\u00e9servez d\u00e8s maintenant !\",\"breadcrumb\":{\"@id\":\"https:\\\/\\\/podium19.nl\\\/fr\\\/billard-americain\\\/#breadcrumb\"},\"inLanguage\":\"fr-FR\",\"potentialAction\":[{\"@type\":\"ReadAction\",\"target\":[\"https:\\\/\\\/podium19.nl\\\/fr\\\/billard-americain\\\/\"]}]},{\"@type\":\"ImageObject\",\"inLanguage\":\"fr-FR\",\"@id\":\"https:\\\/\\\/podium19.nl\\\/fr\\\/billard-americain\\\/#primaryimage\",\"url\":\"https:\\\/\\\/podium19.nl\\\/wp-content\\\/uploads\\\/2024\\\/08\\\/Podium19_17-1024x681.jpg?wsr\",\"contentUrl\":\"https:\\\/\\\/podium19.nl\\\/wp-content\\\/uploads\\\/2024\\\/08\\\/Podium19_17-1024x681.jpg?wsr\"},{\"@type\":\"BreadcrumbList\",\"@id\":\"https:\\\/\\\/podium19.nl\\\/fr\\\/billard-americain\\\/#breadcrumb\",\"itemListElement\":[{\"@type\":\"ListItem\",\"position\":1,\"name\":\"Home\",\"item\":\"https:\\\/\\\/podium19.nl\\\/fr\\\/\"},{\"@type\":\"ListItem\",\"position\":2,\"name\":\"Billard am\u00e9ricain\"}]},{\"@type\":\"WebSite\",\"@id\":\"https:\\\/\\\/podium19.nl\\\/fr\\\/#website\",\"url\":\"https:\\\/\\\/podium19.nl\\\/fr\\\/\",\"name\":\"Podium19\",\"description\":\"Let&#039;s Play, Eat, Meet at Podium 19.\",\"publisher\":{\"@id\":\"https:\\\/\\\/podium19.nl\\\/fr\\\/#organization\"},\"potentialAction\":[{\"@type\":\"SearchAction\",\"target\":{\"@type\":\"EntryPoint\",\"urlTemplate\":\"https:\\\/\\\/podium19.nl\\\/fr\\\/?s={search_term_string}\"},\"query-input\":{\"@type\":\"PropertyValueSpecification\",\"valueRequired\":true,\"valueName\":\"search_term_string\"}}],\"inLanguage\":\"fr-FR\"},{\"@type\":\"Organization\",\"@id\":\"https:\\\/\\\/podium19.nl\\\/fr\\\/#organization\",\"name\":\"Podium19\",\"url\":\"https:\\\/\\\/podium19.nl\\\/fr\\\/\",\"logo\":{\"@type\":\"ImageObject\",\"inLanguage\":\"fr-FR\",\"@id\":\"https:\\\/\\\/podium19.nl\\\/fr\\\/#\\\/schema\\\/logo\\\/image\\\/\",\"url\":\"https:\\\/\\\/podium19.nl\\\/wp-content\\\/uploads\\\/2023\\\/03\\\/Group-15-1.png?wsr\",\"contentUrl\":\"https:\\\/\\\/podium19.nl\\\/wp-content\\\/uploads\\\/2023\\\/03\\\/Group-15-1.png?wsr\",\"width\":191,\"height\":40,\"caption\":\"Podium19\"},\"image\":{\"@id\":\"https:\\\/\\\/podium19.nl\\\/fr\\\/#\\\/schema\\\/logo\\\/image\\\/\"}}]}<\/script>\n<!-- \/ Yoast SEO plugin. -->","yoast_head_json":{"title":"PoolBiljart \u00e0 Middelburg | Venez jouer au billard au Podium19","description":"Jouez au billard \u00e0 Middelburg au Podium19 ! D\u00e9fiez vos amis lors d'une partie dans notre bar. D\u00e9tente, convivialit\u00e9 et amusement. R\u00e9servez d\u00e8s maintenant !","robots":{"index":"index","follow":"follow","max-snippet":"max-snippet:-1","max-image-preview":"max-image-preview:large","max-video-preview":"max-video-preview:-1"},"canonical":"https:\/\/podium19.nl\/fr\/billard-americain\/","og_locale":"fr_FR","og_type":"article","og_title":"PoolBiljart \u00e0 Middelburg | Venez jouer au billard au Podium19","og_description":"Jouez au billard \u00e0 Middelburg au Podium19 ! D\u00e9fiez vos amis lors d'une partie dans notre bar. D\u00e9tente, convivialit\u00e9 et amusement. R\u00e9servez d\u00e8s maintenant !","og_url":"https:\/\/podium19.nl\/fr\/billard-americain\/","og_site_name":"Podium19","article_modified_time":"2025-03-10T14:54:08+00:00","og_image":[{"url":"https:\/\/podium19.nl\/wp-content\/uploads\/2024\/08\/Podium19_17-1024x681.jpg?wsr","type":"","width":"","height":""}],"twitter_card":"summary_large_image","schema":{"@context":"https:\/\/schema.org","@graph":[{"@type":"WebPage","@id":"https:\/\/podium19.nl\/fr\/billard-americain\/","url":"https:\/\/podium19.nl\/fr\/billard-americain\/","name":"PoolBiljart \u00e0 Middelburg | Venez jouer au billard au Podium19","isPartOf":{"@id":"https:\/\/podium19.nl\/fr\/#website"},"primaryImageOfPage":{"@id":"https:\/\/podium19.nl\/fr\/billard-americain\/#primaryimage"},"image":{"@id":"https:\/\/podium19.nl\/fr\/billard-americain\/#primaryimage"},"thumbnailUrl":"https:\/\/podium19.nl\/wp-content\/uploads\/2024\/08\/Podium19_17-1024x681.jpg?wsr","datePublished":"2024-08-12T12:10:26+00:00","dateModified":"2025-03-10T14:54:08+00:00","description":"Jouez au billard \u00e0 Middelburg au Podium19 ! D\u00e9fiez vos amis lors d'une partie dans notre bar. D\u00e9tente, convivialit\u00e9 et amusement. R\u00e9servez d\u00e8s maintenant !","breadcrumb":{"@id":"https:\/\/podium19.nl\/fr\/billard-americain\/#breadcrumb"},"inLanguage":"fr-FR","potentialAction":[{"@type":"ReadAction","target":["https:\/\/podium19.nl\/fr\/billard-americain\/"]}]},{"@type":"ImageObject","inLanguage":"fr-FR","@id":"https:\/\/podium19.nl\/fr\/billard-americain\/#primaryimage","url":"https:\/\/podium19.nl\/wp-content\/uploads\/2024\/08\/Podium19_17-1024x681.jpg?wsr","contentUrl":"https:\/\/podium19.nl\/wp-content\/uploads\/2024\/08\/Podium19_17-1024x681.jpg?wsr"},{"@type":"BreadcrumbList","@id":"https:\/\/podium19.nl\/fr\/billard-americain\/#breadcrumb","itemListElement":[{"@type":"ListItem","position":1,"name":"Home","item":"https:\/\/podium19.nl\/fr\/"},{"@type":"ListItem","position":2,"name":"Billard am\u00e9ricain"}]},{"@type":"WebSite","@id":"https:\/\/podium19.nl\/fr\/#website","url":"https:\/\/podium19.nl\/fr\/","name":"Podium19","description":"Let&#039;s Play, Eat, Meet at Podium 19.","publisher":{"@id":"https:\/\/podium19.nl\/fr\/#organization"},"potentialAction":[{"@type":"SearchAction","target":{"@type":"EntryPoint","urlTemplate":"https:\/\/podium19.nl\/fr\/?s={search_term_string}"},"query-input":{"@type":"PropertyValueSpecification","valueRequired":true,"valueName":"search_term_string"}}],"inLanguage":"fr-FR"},{"@type":"Organization","@id":"https:\/\/podium19.nl\/fr\/#organization","name":"Podium19","url":"https:\/\/podium19.nl\/fr\/","logo":{"@type":"ImageObject","inLanguage":"fr-FR","@id":"https:\/\/podium19.nl\/fr\/#\/schema\/logo\/image\/","url":"https:\/\/podium19.nl\/wp-content\/uploads\/2023\/03\/Group-15-1.png?wsr","contentUrl":"https:\/\/podium19.nl\/wp-content\/uploads\/2023\/03\/Group-15-1.png?wsr","width":191,"height":40,"caption":"Podium19"},"image":{"@id":"https:\/\/podium19.nl\/fr\/#\/schema\/logo\/image\/"}}]}},"_links":{"self":[{"href":"https:\/\/podium19.nl\/fr\/wp-json\/wp\/v2\/pages\/6467","targetHints":{"allow":["GET"]}}],"collection":[{"href":"https:\/\/podium19.nl\/fr\/wp-json\/wp\/v2\/pages"}],"about":[{"href":"https:\/\/podium19.nl\/fr\/wp-json\/wp\/v2\/types\/page"}],"author":[{"embeddable":true,"href":"https:\/\/podium19.nl\/fr\/wp-json\/wp\/v2\/users\/3680"}],"replies":[{"embeddable":true,"href":"https:\/\/podium19.nl\/fr\/wp-json\/wp\/v2\/comments?post=6467"}],"version-history":[{"count":2,"href":"https:\/\/podium19.nl\/fr\/wp-json\/wp\/v2\/pages\/6467\/revisions"}],"predecessor-version":[{"id":7219,"href":"https:\/\/podium19.nl\/fr\/wp-json\/wp\/v2\/pages\/6467\/revisions\/7219"}],"wp:attachment":[{"href":"https:\/\/podium19.nl\/fr\/wp-json\/wp\/v2\/media?parent=6467"}],"curies":[{"name":"wp","href":"https:\/\/api.w.org\/{rel}","templated":true}]}}