{"id":5972,"date":"2023-03-20T09:11:44","date_gmt":"2023-03-20T09:11:44","guid":{"rendered":"https:\/\/podium19.nl\/mangeons\/"},"modified":"2025-02-26T12:43:27","modified_gmt":"2025-02-26T12:43:27","slug":"mangeons","status":"publish","type":"page","link":"https:\/\/podium19.nl\/fr\/mangeons\/","title":{"rendered":"Mangeons"},"content":{"rendered":"\t\t<div data-elementor-type=\"wp-post\" data-elementor-id=\"5972\" class=\"elementor elementor-5972 elementor-45\" data-elementor-post-type=\"page\">\n\t\t\t\t<div class=\"elementor-element elementor-element-6f2886a e-flex e-con-boxed e-con e-parent\" data-id=\"6f2886a\" data-element_type=\"container\" data-e-type=\"container\" data-settings=\"{&quot;background_background&quot;:&quot;classic&quot;}\">\n\t\t\t\t\t<div class=\"e-con-inner\">\n\t\t\t\t<div class=\"elementor-element elementor-element-eee7376 elementor-widget elementor-widget-heading\" data-id=\"eee7376\" data-element_type=\"widget\" data-e-type=\"widget\" data-widget_type=\"heading.default\">\n\t\t\t\t<div class=\"elementor-widget-container\">\n\t\t\t\t\t<h1 class=\"elementor-heading-title elementor-size-default\">Mangeons au Podium19<\/h1>\t\t\t\t<\/div>\n\t\t\t\t<\/div>\n\t\t\t\t\t<\/div>\n\t\t\t\t<\/div>\n\t\t<div class=\"elementor-element elementor-element-d3bd2b7 e-flex e-con-boxed e-con e-parent\" data-id=\"d3bd2b7\" data-element_type=\"container\" data-e-type=\"container\" data-settings=\"{&quot;background_background&quot;:&quot;classic&quot;}\">\n\t\t\t\t\t<div class=\"e-con-inner\">\n\t\t<div class=\"elementor-element elementor-element-ebc77c2 e-flex e-con-boxed e-con e-child\" data-id=\"ebc77c2\" data-element_type=\"container\" data-e-type=\"container\" data-settings=\"{&quot;background_background&quot;:&quot;classic&quot;}\">\n\t\t\t\t\t<div class=\"e-con-inner\">\n\t\t<div class=\"elementor-element elementor-element-0817330 e-con-full e-flex e-con e-child\" data-id=\"0817330\" data-element_type=\"container\" data-e-type=\"container\">\n\t\t<div class=\"elementor-element elementor-element-f8196b0 e-flex e-con-boxed elementor-invisible e-con e-child\" data-id=\"f8196b0\" data-element_type=\"container\" data-e-type=\"container\" data-settings=\"{&quot;background_background&quot;:&quot;classic&quot;,&quot;animation&quot;:&quot;fadeInUp&quot;}\">\n\t\t\t\t\t<div class=\"e-con-inner\">\n\t\t\t\t<div class=\"elementor-element elementor-element-f678c20 elementor-widget elementor-widget-image\" data-id=\"f678c20\" data-element_type=\"widget\" data-e-type=\"widget\" data-widget_type=\"image.default\">\n\t\t\t\t<div class=\"elementor-widget-container\">\n\t\t\t\t\t\t\t\t\t\t\t\t\t\t\t<img decoding=\"async\" width=\"63\" height=\"65\" src=\"https:\/\/podium19.nl\/wp-content\/uploads\/2023\/03\/Group-8.png\" class=\"attachment-large size-large wp-image-6209\" alt=\"\" \/>\t\t\t\t\t\t\t\t\t\t\t\t\t\t\t<\/div>\n\t\t\t\t<\/div>\n\t\t\t\t<div class=\"elementor-element elementor-element-3defb46 elementor-widget elementor-widget-heading\" data-id=\"3defb46\" data-element_type=\"widget\" data-e-type=\"widget\" data-widget_type=\"heading.default\">\n\t\t\t\t<div class=\"elementor-widget-container\">\n\t\t\t\t\t<h2 class=\"elementor-heading-title elementor-size-default\">Vous avez faim apr\u00e8s tous ces jeux ?<\/h2>\t\t\t\t<\/div>\n\t\t\t\t<\/div>\n\t\t\t\t<div class=\"elementor-element elementor-element-96be76b elementor-widget elementor-widget-heading\" data-id=\"96be76b\" data-element_type=\"widget\" data-e-type=\"widget\" data-widget_type=\"heading.default\">\n\t\t\t\t<div class=\"elementor-widget-container\">\n\t\t\t\t\t<h2 class=\"elementor-heading-title elementor-size-default\">Jetez un coup d'\u0153il au menu ci-dessous<\/h2>\t\t\t\t<\/div>\n\t\t\t\t<\/div>\n\t\t\t\t<div class=\"elementor-element elementor-element-d752b2f elementor-align-center elementor-widget elementor-widget-button\" data-id=\"d752b2f\" data-element_type=\"widget\" data-e-type=\"widget\" data-widget_type=\"button.default\">\n\t\t\t\t<div class=\"elementor-widget-container\">\n\t\t\t\t\t\t\t\t\t<div class=\"elementor-button-wrapper\">\n\t\t\t\t\t<a class=\"elementor-button elementor-button-link elementor-size-sm\" href=\"https:\/\/podium19.nl\/wp-content\/uploads\/2025\/02\/Menukaart-2.pdf\" target=\"_blank\">\n\t\t\t\t\t\t<span class=\"elementor-button-content-wrapper\">\n\t\t\t\t\t\t\t\t\t<span class=\"elementor-button-text\">Carte de menu<\/span>\n\t\t\t\t\t<\/span>\n\t\t\t\t\t<\/a>\n\t\t\t\t<\/div>\n\t\t\t\t\t\t\t\t<\/div>\n\t\t\t\t<\/div>\n\t\t\t\t\t<\/div>\n\t\t\t\t<\/div>\n\t\t\t\t<\/div>\n\t\t<div class=\"elementor-element elementor-element-b239bfb e-con-full e-flex e-con e-child\" data-id=\"b239bfb\" data-element_type=\"container\" data-e-type=\"container\">\n\t\t<div class=\"elementor-element elementor-element-175dece e-flex e-con-boxed elementor-invisible e-con e-child\" data-id=\"175dece\" data-element_type=\"container\" data-e-type=\"container\" data-settings=\"{&quot;background_background&quot;:&quot;classic&quot;,&quot;animation&quot;:&quot;fadeInUp&quot;}\">\n\t\t\t\t\t<div class=\"e-con-inner\">\n\t\t\t\t<div class=\"elementor-element elementor-element-1e71037 elementor-widget elementor-widget-image\" data-id=\"1e71037\" data-element_type=\"widget\" data-e-type=\"widget\" data-widget_type=\"image.default\">\n\t\t\t\t<div class=\"elementor-widget-container\">\n\t\t\t\t\t\t\t\t\t\t\t\t\t\t\t<img decoding=\"async\" width=\"63\" height=\"65\" src=\"https:\/\/podium19.nl\/wp-content\/uploads\/2023\/03\/Group-8.png\" class=\"attachment-large size-large wp-image-6209\" alt=\"\" \/>\t\t\t\t\t\t\t\t\t\t\t\t\t\t\t<\/div>\n\t\t\t\t<\/div>\n\t\t\t\t<div class=\"elementor-element elementor-element-cd44898 elementor-widget elementor-widget-heading\" data-id=\"cd44898\" data-element_type=\"widget\" data-e-type=\"widget\" data-widget_type=\"heading.default\">\n\t\t\t\t<div class=\"elementor-widget-container\">\n\t\t\t\t\t<h2 class=\"elementor-heading-title elementor-size-default\">Que puis-je vous servir ?<\/h2>\t\t\t\t<\/div>\n\t\t\t\t<\/div>\n\t\t\t\t<div class=\"elementor-element elementor-element-03a507a elementor-widget elementor-widget-heading\" data-id=\"03a507a\" data-element_type=\"widget\" data-e-type=\"widget\" data-widget_type=\"heading.default\">\n\t\t\t\t<div class=\"elementor-widget-container\">\n\t\t\t\t\t<h2 class=\"elementor-heading-title elementor-size-default\">Consultez la carte des boissons ci-dessous<\/h2>\t\t\t\t<\/div>\n\t\t\t\t<\/div>\n\t\t\t\t<div class=\"elementor-element elementor-element-1cd959a elementor-align-center elementor-widget elementor-widget-button\" data-id=\"1cd959a\" data-element_type=\"widget\" data-e-type=\"widget\" data-widget_type=\"button.default\">\n\t\t\t\t<div class=\"elementor-widget-container\">\n\t\t\t\t\t\t\t\t\t<div class=\"elementor-button-wrapper\">\n\t\t\t\t\t<a class=\"elementor-button elementor-button-link elementor-size-sm\" href=\"https:\/\/podium19.nl\/wp-content\/uploads\/2025\/02\/Drankenkaart-2.pdf\" target=\"_blank\">\n\t\t\t\t\t\t<span class=\"elementor-button-content-wrapper\">\n\t\t\t\t\t\t\t\t\t<span class=\"elementor-button-text\">Carte des boissons<\/span>\n\t\t\t\t\t<\/span>\n\t\t\t\t\t<\/a>\n\t\t\t\t<\/div>\n\t\t\t\t\t\t\t\t<\/div>\n\t\t\t\t<\/div>\n\t\t\t\t\t<\/div>\n\t\t\t\t<\/div>\n\t\t\t\t<\/div>\n\t\t\t\t\t<\/div>\n\t\t\t\t<\/div>\n\t\t\t\t\t<\/div>\n\t\t\t\t<\/div>\n\t\t<div class=\"elementor-element elementor-element-b2437fb e-flex e-con-boxed e-con e-parent\" data-id=\"b2437fb\" data-element_type=\"container\" data-e-type=\"container\" data-settings=\"{&quot;background_background&quot;:&quot;classic&quot;}\">\n\t\t\t\t\t<div class=\"e-con-inner\">\n\t\t\t\t<div class=\"elementor-element elementor-element-1bc451b elementor-widget elementor-widget-heading\" data-id=\"1bc451b\" data-element_type=\"widget\" data-e-type=\"widget\" data-widget_type=\"heading.default\">\n\t\t\t\t<div class=\"elementor-widget-container\">\n\t\t\t\t\t<h2 class=\"elementor-heading-title elementor-size-default\">Nourriture et boissons au Podium19 - Rechargez entre les matchs\n<\/h2>\t\t\t\t<\/div>\n\t\t\t\t<\/div>\n\t\t\t\t<div class=\"elementor-element elementor-element-a83702f elementor-widget elementor-widget-text-editor\" data-id=\"a83702f\" data-element_type=\"widget\" data-e-type=\"widget\" data-widget_type=\"text-editor.default\">\n\t\t\t\t<div class=\"elementor-widget-container\">\n\t\t\t\t\t\t\t\t\t<div dir=\"auto\">\n<p data-start=\"93\" data-end=\"169\"><span style=\"color: var( --e-global-color-text ); font-family: var( --e-global-typography-text-font-family ), Sans-serif; font-weight: var( --e-global-typography-text-font-weight ); text-align: var(--text-align); background-color: var( --e-global-color-primary ); font-size: 1rem;\">Chez Podium19, il n&rsquo;est pas seulement question de plaisir et de comp\u00e9tition, mais aussi de profiter d&rsquo;une pause bien m\u00e9rit\u00e9e. Entre les parties, vous pouvez nous rejoindre pour un snack et une boisson, parfaits pour recharger vos batteries avant de retourner au travail plein d&rsquo;\u00e9nergie. <\/span><\/p>\n<p data-start=\"433\" data-end=\"722\"><strong data-start=\"433\" data-end=\"478\">ALIMENTATION : en-cas rapide ou pause savoureuse<\/strong><br data-start=\"478\" data-end=\"481\">Notre menu offre quelque chose pour tout le monde. Que vous ayez envie d&rsquo;une collation rapide ou d&rsquo;un repas plus \u00e9labor\u00e9, vous trouverez toujours quelque chose \u00e0 votre go\u00fbt. Prenez place, d\u00e9tendez-vous et profitez d&rsquo;une pause relaxante autour d&rsquo;un bon repas.  <\/p>\n<\/div>\n\t\t\t\t\t\t\t\t<\/div>\n\t\t\t\t<\/div>\n\t\t\t\t<div class=\"elementor-element elementor-element-063ac4d elementor-align-center elementor-widget elementor-widget-button\" data-id=\"063ac4d\" data-element_type=\"widget\" data-e-type=\"widget\" data-widget_type=\"button.default\">\n\t\t\t\t<div class=\"elementor-widget-container\">\n\t\t\t\t\t\t\t\t\t<div class=\"elementor-button-wrapper\">\n\t\t\t\t\t<a class=\"elementor-button elementor-button-link elementor-size-sm\" href=\"https:\/\/podium19.nl\/wp-content\/uploads\/2025\/02\/Menukaart-2.pdf\" target=\"_blank\">\n\t\t\t\t\t\t<span class=\"elementor-button-content-wrapper\">\n\t\t\t\t\t\t\t\t\t<span class=\"elementor-button-text\">Carte de menu<\/span>\n\t\t\t\t\t<\/span>\n\t\t\t\t\t<\/a>\n\t\t\t\t<\/div>\n\t\t\t\t\t\t\t\t<\/div>\n\t\t\t\t<\/div>\n\t\t\t\t<div class=\"elementor-element elementor-element-455a3fd elementor-widget elementor-widget-text-editor\" data-id=\"455a3fd\" data-element_type=\"widget\" data-e-type=\"widget\" data-widget_type=\"text-editor.default\">\n\t\t\t\t<div class=\"elementor-widget-container\">\n\t\t\t\t\t\t\t\t\t<div dir=\"auto\">\n<p data-start=\"724\" data-end=\"1022\"><strong data-start=\"724\" data-end=\"763\">BOISSONS : du frais au festif<\/strong><br data-start=\"763\" data-end=\"766\">Nous \u00e9tanchons aussi la soif avec style. Faites votre choix parmi notre vaste carte de boissons comprenant des boissons non alcoolis\u00e9es, des jus de fruits frais, des bi\u00e8res sp\u00e9ciales et de d\u00e9licieux cocktails. Que vous optiez pour quelque chose de rafra\u00eechissant ou de festif, nous avons toujours la boisson id\u00e9ale pour votre pause.  <\/p>\n<\/div>\n\t\t\t\t\t\t\t\t<\/div>\n\t\t\t\t<\/div>\n\t\t\t\t<div class=\"elementor-element elementor-element-e15825d elementor-align-center elementor-widget elementor-widget-button\" data-id=\"e15825d\" data-element_type=\"widget\" data-e-type=\"widget\" data-widget_type=\"button.default\">\n\t\t\t\t<div class=\"elementor-widget-container\">\n\t\t\t\t\t\t\t\t\t<div class=\"elementor-button-wrapper\">\n\t\t\t\t\t<a class=\"elementor-button elementor-button-link elementor-size-sm\" href=\"https:\/\/podium19.nl\/wp-content\/uploads\/2025\/02\/Drankenkaart-2.pdf\" target=\"_blank\">\n\t\t\t\t\t\t<span class=\"elementor-button-content-wrapper\">\n\t\t\t\t\t\t\t\t\t<span class=\"elementor-button-text\">Carte des boissons<\/span>\n\t\t\t\t\t<\/span>\n\t\t\t\t\t<\/a>\n\t\t\t\t<\/div>\n\t\t\t\t\t\t\t\t<\/div>\n\t\t\t\t<\/div>\n\t\t\t\t\t<\/div>\n\t\t\t\t<\/div>\n\t\t<div class=\"elementor-element elementor-element-cfdd808 e-flex e-con-boxed e-con e-parent\" data-id=\"cfdd808\" data-element_type=\"container\" data-e-type=\"container\" data-settings=\"{&quot;background_background&quot;:&quot;classic&quot;}\">\n\t\t\t\t\t<div class=\"e-con-inner\">\n\t\t\t\t<div class=\"elementor-element elementor-element-2ba3a04 elementor-widget elementor-widget-global elementor-global-6166 elementor-global-1215 elementor-widget-image\" data-id=\"2ba3a04\" data-element_type=\"widget\" data-e-type=\"widget\" data-widget_type=\"image.default\">\n\t\t\t\t<div class=\"elementor-widget-container\">\n\t\t\t\t\t\t\t\t\t\t\t\t\t\t\t<img fetchpriority=\"high\" decoding=\"async\" width=\"800\" height=\"169\" src=\"https:\/\/podium19.nl\/wp-content\/uploads\/2023\/05\/Group-12.png?wsr\" class=\"attachment-large size-large wp-image-1804\" alt=\"\" srcset=\"https:\/\/podium19.nl\/wp-content\/uploads\/2023\/05\/Group-12.png 900w, https:\/\/podium19.nl\/wp-content\/uploads\/2023\/05\/Group-12-300x63.png 300w, https:\/\/podium19.nl\/wp-content\/uploads\/2023\/05\/Group-12-768x162.png 768w\" sizes=\"(max-width: 800px) 100vw, 800px\" \/>\t\t\t\t\t\t\t\t\t\t\t\t\t\t\t<\/div>\n\t\t\t\t<\/div>\n\t\t\t\t\t<\/div>\n\t\t\t\t<\/div>\n\t\t\t\t<\/div>\n\t\t","protected":false},"excerpt":{"rendered":"<p>Mangeons au Podium19 Vous avez faim apr\u00e8s tous ces jeux ? Jetez un coup d&rsquo;\u0153il au menu ci-dessous Carte de menu Que puis-je vous servir ? Consultez la carte des boissons ci-dessous Carte des boissons Nourriture et boissons au Podium19 &#8211; Rechargez entre les matchs Chez Podium19, il n&rsquo;est pas seulement question de plaisir et [&hellip;]<\/p>\n","protected":false},"author":3680,"featured_media":0,"parent":0,"menu_order":0,"comment_status":"closed","ping_status":"closed","template":"","meta":{"_acf_changed":false,"footnotes":""},"class_list":["post-5972","page","type-page","status-publish","hentry"],"acf":[],"yoast_head":"<!-- This site is optimized with the Yoast SEO plugin v27.3 - https:\/\/yoast.com\/product\/yoast-seo-wordpress\/ -->\n<title>Mangeons - Podium19<\/title>\n<meta name=\"robots\" content=\"index, follow, max-snippet:-1, max-image-preview:large, max-video-preview:-1\" \/>\n<link rel=\"canonical\" href=\"https:\/\/podium19.nl\/fr\/mangeons\/\" \/>\n<meta property=\"og:locale\" content=\"fr_FR\" \/>\n<meta property=\"og:type\" content=\"article\" \/>\n<meta property=\"og:title\" content=\"Mangeons - Podium19\" \/>\n<meta property=\"og:description\" content=\"Mangeons au Podium19 Vous avez faim apr\u00e8s tous ces jeux ? Jetez un coup d&rsquo;\u0153il au menu ci-dessous Carte de menu Que puis-je vous servir ? Consultez la carte des boissons ci-dessous Carte des boissons Nourriture et boissons au Podium19 &#8211; Rechargez entre les matchs Chez Podium19, il n&rsquo;est pas seulement question de plaisir et [&hellip;]\" \/>\n<meta property=\"og:url\" content=\"https:\/\/podium19.nl\/fr\/mangeons\/\" \/>\n<meta property=\"og:site_name\" content=\"Podium19\" \/>\n<meta property=\"article:modified_time\" content=\"2025-02-26T12:43:27+00:00\" \/>\n<meta property=\"og:image\" content=\"https:\/\/podium19.nl\/wp-content\/uploads\/2023\/03\/Group-8.png?wsr\" \/>\n<meta name=\"twitter:card\" content=\"summary_large_image\" \/>\n<meta name=\"twitter:label1\" content=\"Dur\u00e9e de lecture estim\u00e9e\" \/>\n\t<meta name=\"twitter:data1\" content=\"1 minute\" \/>\n<script type=\"application\/ld+json\" class=\"yoast-schema-graph\">{\"@context\":\"https:\\\/\\\/schema.org\",\"@graph\":[{\"@type\":\"WebPage\",\"@id\":\"https:\\\/\\\/podium19.nl\\\/fr\\\/mangeons\\\/\",\"url\":\"https:\\\/\\\/podium19.nl\\\/fr\\\/mangeons\\\/\",\"name\":\"Mangeons - Podium19\",\"isPartOf\":{\"@id\":\"https:\\\/\\\/podium19.nl\\\/fr\\\/#website\"},\"primaryImageOfPage\":{\"@id\":\"https:\\\/\\\/podium19.nl\\\/fr\\\/mangeons\\\/#primaryimage\"},\"image\":{\"@id\":\"https:\\\/\\\/podium19.nl\\\/fr\\\/mangeons\\\/#primaryimage\"},\"thumbnailUrl\":\"https:\\\/\\\/podium19.nl\\\/wp-content\\\/uploads\\\/2023\\\/03\\\/Group-8.png?wsr\",\"datePublished\":\"2023-03-20T09:11:44+00:00\",\"dateModified\":\"2025-02-26T12:43:27+00:00\",\"breadcrumb\":{\"@id\":\"https:\\\/\\\/podium19.nl\\\/fr\\\/mangeons\\\/#breadcrumb\"},\"inLanguage\":\"fr-FR\",\"potentialAction\":[{\"@type\":\"ReadAction\",\"target\":[\"https:\\\/\\\/podium19.nl\\\/fr\\\/mangeons\\\/\"]}]},{\"@type\":\"ImageObject\",\"inLanguage\":\"fr-FR\",\"@id\":\"https:\\\/\\\/podium19.nl\\\/fr\\\/mangeons\\\/#primaryimage\",\"url\":\"https:\\\/\\\/podium19.nl\\\/wp-content\\\/uploads\\\/2023\\\/03\\\/Group-8.png?wsr\",\"contentUrl\":\"https:\\\/\\\/podium19.nl\\\/wp-content\\\/uploads\\\/2023\\\/03\\\/Group-8.png?wsr\"},{\"@type\":\"BreadcrumbList\",\"@id\":\"https:\\\/\\\/podium19.nl\\\/fr\\\/mangeons\\\/#breadcrumb\",\"itemListElement\":[{\"@type\":\"ListItem\",\"position\":1,\"name\":\"Home\",\"item\":\"https:\\\/\\\/podium19.nl\\\/fr\\\/\"},{\"@type\":\"ListItem\",\"position\":2,\"name\":\"Mangeons\"}]},{\"@type\":\"WebSite\",\"@id\":\"https:\\\/\\\/podium19.nl\\\/fr\\\/#website\",\"url\":\"https:\\\/\\\/podium19.nl\\\/fr\\\/\",\"name\":\"Podium19\",\"description\":\"Let&#039;s Play, Eat, Meet at Podium 19.\",\"publisher\":{\"@id\":\"https:\\\/\\\/podium19.nl\\\/fr\\\/#organization\"},\"potentialAction\":[{\"@type\":\"SearchAction\",\"target\":{\"@type\":\"EntryPoint\",\"urlTemplate\":\"https:\\\/\\\/podium19.nl\\\/fr\\\/?s={search_term_string}\"},\"query-input\":{\"@type\":\"PropertyValueSpecification\",\"valueRequired\":true,\"valueName\":\"search_term_string\"}}],\"inLanguage\":\"fr-FR\"},{\"@type\":\"Organization\",\"@id\":\"https:\\\/\\\/podium19.nl\\\/fr\\\/#organization\",\"name\":\"Podium19\",\"url\":\"https:\\\/\\\/podium19.nl\\\/fr\\\/\",\"logo\":{\"@type\":\"ImageObject\",\"inLanguage\":\"fr-FR\",\"@id\":\"https:\\\/\\\/podium19.nl\\\/fr\\\/#\\\/schema\\\/logo\\\/image\\\/\",\"url\":\"https:\\\/\\\/podium19.nl\\\/wp-content\\\/uploads\\\/2023\\\/03\\\/Group-15-1.png?wsr\",\"contentUrl\":\"https:\\\/\\\/podium19.nl\\\/wp-content\\\/uploads\\\/2023\\\/03\\\/Group-15-1.png?wsr\",\"width\":191,\"height\":40,\"caption\":\"Podium19\"},\"image\":{\"@id\":\"https:\\\/\\\/podium19.nl\\\/fr\\\/#\\\/schema\\\/logo\\\/image\\\/\"}}]}<\/script>\n<!-- \/ Yoast SEO plugin. -->","yoast_head_json":{"title":"Mangeons - Podium19","robots":{"index":"index","follow":"follow","max-snippet":"max-snippet:-1","max-image-preview":"max-image-preview:large","max-video-preview":"max-video-preview:-1"},"canonical":"https:\/\/podium19.nl\/fr\/mangeons\/","og_locale":"fr_FR","og_type":"article","og_title":"Mangeons - Podium19","og_description":"Mangeons au Podium19 Vous avez faim apr\u00e8s tous ces jeux ? Jetez un coup d&rsquo;\u0153il au menu ci-dessous Carte de menu Que puis-je vous servir ? Consultez la carte des boissons ci-dessous Carte des boissons Nourriture et boissons au Podium19 &#8211; Rechargez entre les matchs Chez Podium19, il n&rsquo;est pas seulement question de plaisir et [&hellip;]","og_url":"https:\/\/podium19.nl\/fr\/mangeons\/","og_site_name":"Podium19","article_modified_time":"2025-02-26T12:43:27+00:00","og_image":[{"url":"https:\/\/podium19.nl\/wp-content\/uploads\/2023\/03\/Group-8.png?wsr","type":"","width":"","height":""}],"twitter_card":"summary_large_image","twitter_misc":{"Dur\u00e9e de lecture estim\u00e9e":"1 minute"},"schema":{"@context":"https:\/\/schema.org","@graph":[{"@type":"WebPage","@id":"https:\/\/podium19.nl\/fr\/mangeons\/","url":"https:\/\/podium19.nl\/fr\/mangeons\/","name":"Mangeons - Podium19","isPartOf":{"@id":"https:\/\/podium19.nl\/fr\/#website"},"primaryImageOfPage":{"@id":"https:\/\/podium19.nl\/fr\/mangeons\/#primaryimage"},"image":{"@id":"https:\/\/podium19.nl\/fr\/mangeons\/#primaryimage"},"thumbnailUrl":"https:\/\/podium19.nl\/wp-content\/uploads\/2023\/03\/Group-8.png?wsr","datePublished":"2023-03-20T09:11:44+00:00","dateModified":"2025-02-26T12:43:27+00:00","breadcrumb":{"@id":"https:\/\/podium19.nl\/fr\/mangeons\/#breadcrumb"},"inLanguage":"fr-FR","potentialAction":[{"@type":"ReadAction","target":["https:\/\/podium19.nl\/fr\/mangeons\/"]}]},{"@type":"ImageObject","inLanguage":"fr-FR","@id":"https:\/\/podium19.nl\/fr\/mangeons\/#primaryimage","url":"https:\/\/podium19.nl\/wp-content\/uploads\/2023\/03\/Group-8.png?wsr","contentUrl":"https:\/\/podium19.nl\/wp-content\/uploads\/2023\/03\/Group-8.png?wsr"},{"@type":"BreadcrumbList","@id":"https:\/\/podium19.nl\/fr\/mangeons\/#breadcrumb","itemListElement":[{"@type":"ListItem","position":1,"name":"Home","item":"https:\/\/podium19.nl\/fr\/"},{"@type":"ListItem","position":2,"name":"Mangeons"}]},{"@type":"WebSite","@id":"https:\/\/podium19.nl\/fr\/#website","url":"https:\/\/podium19.nl\/fr\/","name":"Podium19","description":"Let&#039;s Play, Eat, Meet at Podium 19.","publisher":{"@id":"https:\/\/podium19.nl\/fr\/#organization"},"potentialAction":[{"@type":"SearchAction","target":{"@type":"EntryPoint","urlTemplate":"https:\/\/podium19.nl\/fr\/?s={search_term_string}"},"query-input":{"@type":"PropertyValueSpecification","valueRequired":true,"valueName":"search_term_string"}}],"inLanguage":"fr-FR"},{"@type":"Organization","@id":"https:\/\/podium19.nl\/fr\/#organization","name":"Podium19","url":"https:\/\/podium19.nl\/fr\/","logo":{"@type":"ImageObject","inLanguage":"fr-FR","@id":"https:\/\/podium19.nl\/fr\/#\/schema\/logo\/image\/","url":"https:\/\/podium19.nl\/wp-content\/uploads\/2023\/03\/Group-15-1.png?wsr","contentUrl":"https:\/\/podium19.nl\/wp-content\/uploads\/2023\/03\/Group-15-1.png?wsr","width":191,"height":40,"caption":"Podium19"},"image":{"@id":"https:\/\/podium19.nl\/fr\/#\/schema\/logo\/image\/"}}]}},"_links":{"self":[{"href":"https:\/\/podium19.nl\/fr\/wp-json\/wp\/v2\/pages\/5972","targetHints":{"allow":["GET"]}}],"collection":[{"href":"https:\/\/podium19.nl\/fr\/wp-json\/wp\/v2\/pages"}],"about":[{"href":"https:\/\/podium19.nl\/fr\/wp-json\/wp\/v2\/types\/page"}],"author":[{"embeddable":true,"href":"https:\/\/podium19.nl\/fr\/wp-json\/wp\/v2\/users\/3680"}],"replies":[{"embeddable":true,"href":"https:\/\/podium19.nl\/fr\/wp-json\/wp\/v2\/comments?post=5972"}],"version-history":[{"count":1,"href":"https:\/\/podium19.nl\/fr\/wp-json\/wp\/v2\/pages\/5972\/revisions"}],"predecessor-version":[{"id":5979,"href":"https:\/\/podium19.nl\/fr\/wp-json\/wp\/v2\/pages\/5972\/revisions\/5979"}],"wp:attachment":[{"href":"https:\/\/podium19.nl\/fr\/wp-json\/wp\/v2\/media?parent=5972"}],"curies":[{"name":"wp","href":"https:\/\/api.w.org\/{rel}","templated":true}]}}