{"id":6077,"date":"2023-10-11T06:54:09","date_gmt":"2023-10-11T06:54:09","guid":{"rendered":"https:\/\/podium19.nl\/pingpong19\/"},"modified":"2025-04-30T12:32:10","modified_gmt":"2025-04-30T12:32:10","slug":"pingpong19","status":"publish","type":"page","link":"https:\/\/podium19.nl\/de\/pingpong19\/","title":{"rendered":"PingPong19"},"content":{"rendered":"\t\t<div data-elementor-type=\"wp-post\" data-elementor-id=\"6077\" class=\"elementor elementor-6077 elementor-2256\" data-elementor-post-type=\"page\">\n\t\t\t\t<div class=\"elementor-element elementor-element-daf3188 e-flex e-con-boxed e-con e-parent\" data-id=\"daf3188\" data-element_type=\"container\" data-e-type=\"container\" data-settings=\"{&quot;background_background&quot;:&quot;classic&quot;}\">\n\t\t\t\t\t<div class=\"e-con-inner\">\n\t\t\t\t<div class=\"elementor-element elementor-element-f628b1c elementor-widget elementor-widget-spacer\" data-id=\"f628b1c\" data-element_type=\"widget\" data-e-type=\"widget\" data-widget_type=\"spacer.default\">\n\t\t\t\t<div class=\"elementor-widget-container\">\n\t\t\t\t\t\t\t<div class=\"elementor-spacer\">\n\t\t\t<div class=\"elementor-spacer-inner\"><\/div>\n\t\t<\/div>\n\t\t\t\t\t\t<\/div>\n\t\t\t\t<\/div>\n\t\t\t\t<div class=\"elementor-element elementor-element-292dda6 elementor-widget elementor-widget-heading\" data-id=\"292dda6\" data-element_type=\"widget\" data-e-type=\"widget\" data-widget_type=\"heading.default\">\n\t\t\t\t<div class=\"elementor-widget-container\">\n\t\t\t\t\t<h1 class=\"elementor-heading-title elementor-size-default\">PingPong Middelburg<\/h1>\t\t\t\t<\/div>\n\t\t\t\t<\/div>\n\t\t\t\t\t<\/div>\n\t\t\t\t<\/div>\n\t\t<div class=\"elementor-element elementor-element-2681b42 e-flex e-con-boxed e-con e-parent\" data-id=\"2681b42\" data-element_type=\"container\" data-e-type=\"container\" data-settings=\"{&quot;background_background&quot;:&quot;classic&quot;}\">\n\t\t\t\t\t<div class=\"e-con-inner\">\n\t\t<div class=\"elementor-element elementor-element-f83afd0 e-con-full e-flex e-con e-child\" data-id=\"f83afd0\" data-element_type=\"container\" data-e-type=\"container\">\n\t\t\t\t<div class=\"elementor-element elementor-element-3d233e4 elementor-widget elementor-widget-heading\" data-id=\"3d233e4\" data-element_type=\"widget\" data-e-type=\"widget\" data-widget_type=\"heading.default\">\n\t\t\t\t<div class=\"elementor-widget-container\">\n\t\t\t\t\t<h2 class=\"elementor-heading-title elementor-size-default\">Bringen Sie Ihre Freunde zu PingPong19<\/h2>\t\t\t\t<\/div>\n\t\t\t\t<\/div>\n\t\t\t\t<div class=\"elementor-element elementor-element-76ae0d4 elementor-widget__width-initial elementor-widget-tablet__width-initial elementor-widget elementor-widget-text-editor\" data-id=\"76ae0d4\" data-element_type=\"widget\" data-e-type=\"widget\" data-widget_type=\"text-editor.default\">\n\t\t\t\t<div class=\"elementor-widget-container\">\n\t\t\t\t\t\t\t\t\t<div class=\"elementor-element elementor-element-71455f1 elementor-widget elementor-widget-heading\" data-id=\"71455f1\" data-element_type=\"widget\" data-widget_type=\"heading.default\">\n<div class=\"elementor-widget-container\">\n<div class=\"elementor-element elementor-element-71455f1 elementor-widget elementor-widget-heading\" data-id=\"71455f1\" data-element_type=\"widget\" data-widget_type=\"heading.default\">\n<div class=\"elementor-widget-container\">\n<h3 class=\"elementor-heading-title elementor-size-default\"> <\/h3>\n<\/div>\n<\/div>\n<div class=\"elementor-element elementor-element-b5e9a45 elementor-widget elementor-widget-text-editor\" data-id=\"b5e9a45\" data-element_type=\"widget\" data-widget_type=\"text-editor.default\">\n<div class=\"elementor-widget-container\">\n<p><strong>Pingpong19<\/strong> ist f\u00fcr alle, die Tischtennis lieben. Nicht nur ab 19, sondern jedes Alter mit einem L\u00e4cheln und einer R\u00fcckhand ist bei PingPong19 willkommen. <\/p>\n<\/div>\n<div class=\"elementor-widget-container\">Werden Sie der ultimative Tischtennis-Champion oder kommen Sie einfach nur, um mit Ihren Freunden ein Bier mit einem Tischtennisschl\u00e4ger zu trinken?<\/div>\n<\/div>\n<\/div>\n<\/div>\n\t\t\t\t\t\t\t\t<\/div>\n\t\t\t\t<\/div>\n\t\t\t\t<div class=\"elementor-element elementor-element-587bf74 elementor-widget elementor-widget-heading\" data-id=\"587bf74\" data-element_type=\"widget\" data-e-type=\"widget\" data-widget_type=\"heading.default\">\n\t\t\t\t<div class=\"elementor-widget-container\">\n\t\t\t\t\t<h2 class=\"elementor-heading-title elementor-size-default\">Besuchen Sie unseren Standort in Middelburg, Zeeland!<\/h2>\t\t\t\t<\/div>\n\t\t\t\t<\/div>\n\t\t\t\t<div class=\"elementor-element elementor-element-c6e106d elementor-widget elementor-widget-text-editor\" data-id=\"c6e106d\" data-element_type=\"widget\" data-e-type=\"widget\" data-widget_type=\"text-editor.default\">\n\t\t\t\t<div class=\"elementor-widget-container\">\n\t\t\t\t\t\t\t\t\t<p><span style=\"font-family: var( --e-global-typography-text-font-family ), Sans-serif; font-size: 1rem;\">Rufen Sie uns an, um eine Tischtennisplatte zu reservieren. Eine Reservierung ist nicht erforderlich. <\/span><\/p>\n<h2><span style=\"font-family: var( --e-global-typography-text-font-family ), Sans-serif; font-size: 1rem;\">Preise PingPong19 Middelburg:<\/span><\/h2>\n<div class=\"\">30 min 7.50  <\/div>\n<div class=\"\">1 Stunde 12.50<span style=\"font-family: var( --e-global-typography-text-font-family ), Sans-serif; font-size: 1rem;\"> <\/span><\/div>\n<div> <\/div>\n\t\t\t\t\t\t\t\t<\/div>\n\t\t\t\t<\/div>\n\t\t\t\t<div class=\"elementor-element elementor-element-a8b6d03 elementor-widget elementor-widget-image\" data-id=\"a8b6d03\" data-element_type=\"widget\" data-e-type=\"widget\" data-widget_type=\"image.default\">\n\t\t\t\t<div class=\"elementor-widget-container\">\n\t\t\t\t\t\t\t\t\t\t\t\t\t\t\t<img fetchpriority=\"high\" decoding=\"async\" width=\"300\" height=\"168\" src=\"https:\/\/podium19.nl\/wp-content\/uploads\/2023\/10\/Logo-PingPong19_vDEF-300x168.png\" class=\"attachment-medium size-medium wp-image-2281\" alt=\"\" srcset=\"https:\/\/podium19.nl\/wp-content\/uploads\/2023\/10\/Logo-PingPong19_vDEF-300x168.png 300w, https:\/\/podium19.nl\/wp-content\/uploads\/2023\/10\/Logo-PingPong19_vDEF-1024x575.png 1024w, https:\/\/podium19.nl\/wp-content\/uploads\/2023\/10\/Logo-PingPong19_vDEF-768x431.png 768w, https:\/\/podium19.nl\/wp-content\/uploads\/2023\/10\/Logo-PingPong19_vDEF.png 1179w\" sizes=\"(max-width: 300px) 100vw, 300px\" \/>\t\t\t\t\t\t\t\t\t\t\t\t\t\t\t<\/div>\n\t\t\t\t<\/div>\n\t\t\t\t<\/div>\n\t\t<div class=\"elementor-element elementor-element-50fbbf1 e-con-full e-flex e-con e-child\" data-id=\"50fbbf1\" data-element_type=\"container\" data-e-type=\"container\">\n\t\t\t\t<div class=\"elementor-element elementor-element-d46f886 elementor-widget elementor-widget-image\" data-id=\"d46f886\" data-element_type=\"widget\" data-e-type=\"widget\" data-widget_type=\"image.default\">\n\t\t\t\t<div class=\"elementor-widget-container\">\n\t\t\t\t\t\t\t\t\t\t\t\t\t\t\t<img decoding=\"async\" width=\"468\" height=\"570\" src=\"https:\/\/podium19.nl\/wp-content\/uploads\/2024\/04\/PingPong19.webp\" class=\"attachment-large size-large wp-image-4120\" alt=\"\" srcset=\"https:\/\/podium19.nl\/wp-content\/uploads\/2024\/04\/PingPong19.webp 468w, https:\/\/podium19.nl\/wp-content\/uploads\/2024\/04\/PingPong19-246x300.webp 246w\" sizes=\"(max-width: 468px) 100vw, 468px\" \/>\t\t\t\t\t\t\t\t\t\t\t\t\t\t\t<\/div>\n\t\t\t\t<\/div>\n\t\t\t\t<\/div>\n\t\t\t\t\t<\/div>\n\t\t\t\t<\/div>\n\t\t<div class=\"elementor-element elementor-element-2198269 e-con-full e-flex e-con e-parent\" data-id=\"2198269\" data-element_type=\"container\" data-e-type=\"container\" data-settings=\"{&quot;background_background&quot;:&quot;classic&quot;}\">\n\t\t<div class=\"elementor-element elementor-element-0cfac08 e-con-full e-flex e-con e-child\" data-id=\"0cfac08\" data-element_type=\"container\" data-e-type=\"container\">\n\t\t\t\t<div class=\"elementor-element elementor-element-aa4cbad elementor-widget elementor-widget-image\" data-id=\"aa4cbad\" data-element_type=\"widget\" data-e-type=\"widget\" data-widget_type=\"image.default\">\n\t\t\t\t<div class=\"elementor-widget-container\">\n\t\t\t\t\t\t\t\t\t\t\t\t\t\t\t<img decoding=\"async\" width=\"300\" height=\"237\" src=\"https:\/\/podium19.nl\/wp-content\/uploads\/2023\/10\/table-19-20230923-new-cut-600px-300x237.png\" class=\"attachment-medium size-medium wp-image-2269\" alt=\"\" srcset=\"https:\/\/podium19.nl\/wp-content\/uploads\/2023\/10\/table-19-20230923-new-cut-600px-300x237.png 300w, https:\/\/podium19.nl\/wp-content\/uploads\/2023\/10\/table-19-20230923-new-cut-600px.png 600w\" sizes=\"(max-width: 300px) 100vw, 300px\" \/>\t\t\t\t\t\t\t\t\t\t\t\t\t\t\t<\/div>\n\t\t\t\t<\/div>\n\t\t\t\t<\/div>\n\t\t<div class=\"elementor-element elementor-element-197d931 e-con-full e-flex e-con e-child\" data-id=\"197d931\" data-element_type=\"container\" data-e-type=\"container\">\n\t\t\t\t<div class=\"elementor-element elementor-element-5e0d2a0 elementor-widget elementor-widget-image\" data-id=\"5e0d2a0\" data-element_type=\"widget\" data-e-type=\"widget\" data-widget_type=\"image.default\">\n\t\t\t\t<div class=\"elementor-widget-container\">\n\t\t\t\t\t\t\t\t\t\t\t\t\t\t\t<img loading=\"lazy\" decoding=\"async\" width=\"470\" height=\"396\" src=\"https:\/\/podium19.nl\/wp-content\/uploads\/2023\/10\/art19.png\" class=\"attachment-full size-full wp-image-2261\" alt=\"\" srcset=\"https:\/\/podium19.nl\/wp-content\/uploads\/2023\/10\/art19.png 470w, https:\/\/podium19.nl\/wp-content\/uploads\/2023\/10\/art19-300x253.png 300w\" sizes=\"(max-width: 470px) 100vw, 470px\" \/>\t\t\t\t\t\t\t\t\t\t\t\t\t\t\t<\/div>\n\t\t\t\t<\/div>\n\t\t\t\t<\/div>\n\t\t<div class=\"elementor-element elementor-element-34e5c96 e-con-full e-flex e-con e-child\" data-id=\"34e5c96\" data-element_type=\"container\" data-e-type=\"container\">\n\t\t\t\t<div class=\"elementor-element elementor-element-e3d03b4 elementor-widget elementor-widget-image\" data-id=\"e3d03b4\" data-element_type=\"widget\" data-e-type=\"widget\" data-widget_type=\"image.default\">\n\t\t\t\t<div class=\"elementor-widget-container\">\n\t\t\t\t\t\t\t\t\t\t\t\t\t\t\t<img loading=\"lazy\" decoding=\"async\" width=\"300\" height=\"237\" src=\"https:\/\/podium19.nl\/wp-content\/uploads\/2023\/10\/ping-pong-19-food2-300x237.png\" class=\"attachment-medium size-medium wp-image-2295\" alt=\"\" srcset=\"https:\/\/podium19.nl\/wp-content\/uploads\/2023\/10\/ping-pong-19-food2-300x237.png 300w, https:\/\/podium19.nl\/wp-content\/uploads\/2023\/10\/ping-pong-19-food2.png 600w\" sizes=\"(max-width: 300px) 100vw, 300px\" \/>\t\t\t\t\t\t\t\t\t\t\t\t\t\t\t<\/div>\n\t\t\t\t<\/div>\n\t\t\t\t<\/div>\n\t\t\t\t<\/div>\n\t\t<div class=\"elementor-element elementor-element-dbb7e6d e-flex e-con-boxed e-con e-parent\" data-id=\"dbb7e6d\" data-element_type=\"container\" data-e-type=\"container\" data-settings=\"{&quot;background_background&quot;:&quot;classic&quot;}\">\n\t\t\t\t\t<div class=\"e-con-inner\">\n\t\t\t\t<div class=\"elementor-element elementor-element-e9f52bc elementor-widget elementor-widget-image\" data-id=\"e9f52bc\" data-element_type=\"widget\" data-e-type=\"widget\" data-widget_type=\"image.default\">\n\t\t\t\t<div class=\"elementor-widget-container\">\n\t\t\t\t\t\t\t\t\t\t\t\t\t\t\t<img loading=\"lazy\" decoding=\"async\" width=\"800\" height=\"169\" src=\"https:\/\/podium19.nl\/wp-content\/uploads\/2023\/05\/Group-12.png\" class=\"attachment-large size-large wp-image-1500\" alt=\"\" srcset=\"https:\/\/podium19.nl\/wp-content\/uploads\/2023\/05\/Group-12.png 900w, https:\/\/podium19.nl\/wp-content\/uploads\/2023\/05\/Group-12-300x63.png 300w, https:\/\/podium19.nl\/wp-content\/uploads\/2023\/05\/Group-12-768x162.png 768w\" sizes=\"(max-width: 800px) 100vw, 800px\" \/>\t\t\t\t\t\t\t\t\t\t\t\t\t\t\t<\/div>\n\t\t\t\t<\/div>\n\t\t\t\t\t<\/div>\n\t\t\t\t<\/div>\n\t\t\t\t<\/div>\n\t\t","protected":false},"excerpt":{"rendered":"<p>PingPong Middelburg Bringen Sie Ihre Freunde zu PingPong19 Pingpong19 ist f\u00fcr alle, die Tischtennis lieben. Nicht nur ab 19, sondern jedes Alter mit einem L\u00e4cheln und einer R\u00fcckhand ist bei PingPong19 willkommen. Werden Sie der ultimative Tischtennis-Champion oder kommen Sie einfach nur, um mit Ihren Freunden ein Bier mit einem Tischtennisschl\u00e4ger zu trinken? Besuchen Sie [&hellip;]<\/p>\n","protected":false},"author":3683,"featured_media":0,"parent":0,"menu_order":0,"comment_status":"closed","ping_status":"closed","template":"","meta":{"_acf_changed":false,"footnotes":""},"class_list":["post-6077","page","type-page","status-publish","hentry"],"acf":[],"yoast_head":"<!-- This site is optimized with the Yoast SEO plugin v27.3 - https:\/\/yoast.com\/product\/yoast-seo-wordpress\/ -->\n<title>PingPong19 Middelburg, Zeeland | Tischtennis im Podium19<\/title>\n<meta name=\"description\" content=\"Pingpong19 ist der neue Hotspot in den Niederlanden f\u00fcr alle, die Tischtennis lieben. Jeder ist willkommen bei PingPong19 in Middelburg, Zeeland\" \/>\n<meta name=\"robots\" content=\"index, follow, max-snippet:-1, max-image-preview:large, max-video-preview:-1\" \/>\n<link rel=\"canonical\" href=\"https:\/\/podium19.nl\/de\/pingpong19\/\" \/>\n<meta property=\"og:locale\" content=\"de_DE\" \/>\n<meta property=\"og:type\" content=\"article\" \/>\n<meta property=\"og:title\" content=\"PingPong19 Middelburg, Zeeland | Tischtennis im Podium19\" \/>\n<meta property=\"og:description\" content=\"Pingpong19 ist der neue Hotspot in den Niederlanden f\u00fcr alle, die Tischtennis lieben. Jeder ist willkommen bei PingPong19 in Middelburg, Zeeland\" \/>\n<meta property=\"og:url\" content=\"https:\/\/podium19.nl\/de\/pingpong19\/\" \/>\n<meta property=\"og:site_name\" content=\"Podium19\" \/>\n<meta property=\"article:modified_time\" content=\"2025-04-30T12:32:10+00:00\" \/>\n<meta property=\"og:image\" content=\"https:\/\/podium19.nl\/wp-content\/uploads\/2023\/10\/Logo-PingPong19_vDEF-300x168.png?wsr\" \/>\n<meta name=\"twitter:card\" content=\"summary_large_image\" \/>\n<script type=\"application\/ld+json\" class=\"yoast-schema-graph\">{\"@context\":\"https:\\\/\\\/schema.org\",\"@graph\":[{\"@type\":\"WebPage\",\"@id\":\"https:\\\/\\\/podium19.nl\\\/de\\\/pingpong19\\\/\",\"url\":\"https:\\\/\\\/podium19.nl\\\/de\\\/pingpong19\\\/\",\"name\":\"PingPong19 Middelburg, Zeeland | Tischtennis im Podium19\",\"isPartOf\":{\"@id\":\"https:\\\/\\\/podium19.nl\\\/de\\\/#website\"},\"primaryImageOfPage\":{\"@id\":\"https:\\\/\\\/podium19.nl\\\/de\\\/pingpong19\\\/#primaryimage\"},\"image\":{\"@id\":\"https:\\\/\\\/podium19.nl\\\/de\\\/pingpong19\\\/#primaryimage\"},\"thumbnailUrl\":\"https:\\\/\\\/podium19.nl\\\/wp-content\\\/uploads\\\/2023\\\/10\\\/Logo-PingPong19_vDEF-300x168.png?wsr\",\"datePublished\":\"2023-10-11T06:54:09+00:00\",\"dateModified\":\"2025-04-30T12:32:10+00:00\",\"description\":\"Pingpong19 ist der neue Hotspot in den Niederlanden f\u00fcr alle, die Tischtennis lieben. Jeder ist willkommen bei PingPong19 in Middelburg, Zeeland\",\"breadcrumb\":{\"@id\":\"https:\\\/\\\/podium19.nl\\\/de\\\/pingpong19\\\/#breadcrumb\"},\"inLanguage\":\"de\",\"potentialAction\":[{\"@type\":\"ReadAction\",\"target\":[\"https:\\\/\\\/podium19.nl\\\/de\\\/pingpong19\\\/\"]}]},{\"@type\":\"ImageObject\",\"inLanguage\":\"de\",\"@id\":\"https:\\\/\\\/podium19.nl\\\/de\\\/pingpong19\\\/#primaryimage\",\"url\":\"https:\\\/\\\/podium19.nl\\\/wp-content\\\/uploads\\\/2023\\\/10\\\/Logo-PingPong19_vDEF-300x168.png?wsr\",\"contentUrl\":\"https:\\\/\\\/podium19.nl\\\/wp-content\\\/uploads\\\/2023\\\/10\\\/Logo-PingPong19_vDEF-300x168.png?wsr\"},{\"@type\":\"BreadcrumbList\",\"@id\":\"https:\\\/\\\/podium19.nl\\\/de\\\/pingpong19\\\/#breadcrumb\",\"itemListElement\":[{\"@type\":\"ListItem\",\"position\":1,\"name\":\"Home\",\"item\":\"https:\\\/\\\/podium19.nl\\\/de\\\/\"},{\"@type\":\"ListItem\",\"position\":2,\"name\":\"PingPong19\"}]},{\"@type\":\"WebSite\",\"@id\":\"https:\\\/\\\/podium19.nl\\\/de\\\/#website\",\"url\":\"https:\\\/\\\/podium19.nl\\\/de\\\/\",\"name\":\"Podium19\",\"description\":\"Let&#039;s Play, Eat, Meet at Podium 19.\",\"publisher\":{\"@id\":\"https:\\\/\\\/podium19.nl\\\/de\\\/#organization\"},\"potentialAction\":[{\"@type\":\"SearchAction\",\"target\":{\"@type\":\"EntryPoint\",\"urlTemplate\":\"https:\\\/\\\/podium19.nl\\\/de\\\/?s={search_term_string}\"},\"query-input\":{\"@type\":\"PropertyValueSpecification\",\"valueRequired\":true,\"valueName\":\"search_term_string\"}}],\"inLanguage\":\"de\"},{\"@type\":\"Organization\",\"@id\":\"https:\\\/\\\/podium19.nl\\\/de\\\/#organization\",\"name\":\"Podium19\",\"url\":\"https:\\\/\\\/podium19.nl\\\/de\\\/\",\"logo\":{\"@type\":\"ImageObject\",\"inLanguage\":\"de\",\"@id\":\"https:\\\/\\\/podium19.nl\\\/de\\\/#\\\/schema\\\/logo\\\/image\\\/\",\"url\":\"https:\\\/\\\/podium19.nl\\\/wp-content\\\/uploads\\\/2023\\\/03\\\/Group-15-1.png?wsr\",\"contentUrl\":\"https:\\\/\\\/podium19.nl\\\/wp-content\\\/uploads\\\/2023\\\/03\\\/Group-15-1.png?wsr\",\"width\":191,\"height\":40,\"caption\":\"Podium19\"},\"image\":{\"@id\":\"https:\\\/\\\/podium19.nl\\\/de\\\/#\\\/schema\\\/logo\\\/image\\\/\"}}]}<\/script>\n<!-- \/ Yoast SEO plugin. -->","yoast_head_json":{"title":"PingPong19 Middelburg, Zeeland | Tischtennis im Podium19","description":"Pingpong19 ist der neue Hotspot in den Niederlanden f\u00fcr alle, die Tischtennis lieben. Jeder ist willkommen bei PingPong19 in Middelburg, Zeeland","robots":{"index":"index","follow":"follow","max-snippet":"max-snippet:-1","max-image-preview":"max-image-preview:large","max-video-preview":"max-video-preview:-1"},"canonical":"https:\/\/podium19.nl\/de\/pingpong19\/","og_locale":"de_DE","og_type":"article","og_title":"PingPong19 Middelburg, Zeeland | Tischtennis im Podium19","og_description":"Pingpong19 ist der neue Hotspot in den Niederlanden f\u00fcr alle, die Tischtennis lieben. Jeder ist willkommen bei PingPong19 in Middelburg, Zeeland","og_url":"https:\/\/podium19.nl\/de\/pingpong19\/","og_site_name":"Podium19","article_modified_time":"2025-04-30T12:32:10+00:00","og_image":[{"url":"https:\/\/podium19.nl\/wp-content\/uploads\/2023\/10\/Logo-PingPong19_vDEF-300x168.png?wsr","type":"","width":"","height":""}],"twitter_card":"summary_large_image","schema":{"@context":"https:\/\/schema.org","@graph":[{"@type":"WebPage","@id":"https:\/\/podium19.nl\/de\/pingpong19\/","url":"https:\/\/podium19.nl\/de\/pingpong19\/","name":"PingPong19 Middelburg, Zeeland | Tischtennis im Podium19","isPartOf":{"@id":"https:\/\/podium19.nl\/de\/#website"},"primaryImageOfPage":{"@id":"https:\/\/podium19.nl\/de\/pingpong19\/#primaryimage"},"image":{"@id":"https:\/\/podium19.nl\/de\/pingpong19\/#primaryimage"},"thumbnailUrl":"https:\/\/podium19.nl\/wp-content\/uploads\/2023\/10\/Logo-PingPong19_vDEF-300x168.png?wsr","datePublished":"2023-10-11T06:54:09+00:00","dateModified":"2025-04-30T12:32:10+00:00","description":"Pingpong19 ist der neue Hotspot in den Niederlanden f\u00fcr alle, die Tischtennis lieben. Jeder ist willkommen bei PingPong19 in Middelburg, Zeeland","breadcrumb":{"@id":"https:\/\/podium19.nl\/de\/pingpong19\/#breadcrumb"},"inLanguage":"de","potentialAction":[{"@type":"ReadAction","target":["https:\/\/podium19.nl\/de\/pingpong19\/"]}]},{"@type":"ImageObject","inLanguage":"de","@id":"https:\/\/podium19.nl\/de\/pingpong19\/#primaryimage","url":"https:\/\/podium19.nl\/wp-content\/uploads\/2023\/10\/Logo-PingPong19_vDEF-300x168.png?wsr","contentUrl":"https:\/\/podium19.nl\/wp-content\/uploads\/2023\/10\/Logo-PingPong19_vDEF-300x168.png?wsr"},{"@type":"BreadcrumbList","@id":"https:\/\/podium19.nl\/de\/pingpong19\/#breadcrumb","itemListElement":[{"@type":"ListItem","position":1,"name":"Home","item":"https:\/\/podium19.nl\/de\/"},{"@type":"ListItem","position":2,"name":"PingPong19"}]},{"@type":"WebSite","@id":"https:\/\/podium19.nl\/de\/#website","url":"https:\/\/podium19.nl\/de\/","name":"Podium19","description":"Let&#039;s Play, Eat, Meet at Podium 19.","publisher":{"@id":"https:\/\/podium19.nl\/de\/#organization"},"potentialAction":[{"@type":"SearchAction","target":{"@type":"EntryPoint","urlTemplate":"https:\/\/podium19.nl\/de\/?s={search_term_string}"},"query-input":{"@type":"PropertyValueSpecification","valueRequired":true,"valueName":"search_term_string"}}],"inLanguage":"de"},{"@type":"Organization","@id":"https:\/\/podium19.nl\/de\/#organization","name":"Podium19","url":"https:\/\/podium19.nl\/de\/","logo":{"@type":"ImageObject","inLanguage":"de","@id":"https:\/\/podium19.nl\/de\/#\/schema\/logo\/image\/","url":"https:\/\/podium19.nl\/wp-content\/uploads\/2023\/03\/Group-15-1.png?wsr","contentUrl":"https:\/\/podium19.nl\/wp-content\/uploads\/2023\/03\/Group-15-1.png?wsr","width":191,"height":40,"caption":"Podium19"},"image":{"@id":"https:\/\/podium19.nl\/de\/#\/schema\/logo\/image\/"}}]}},"_links":{"self":[{"href":"https:\/\/podium19.nl\/de\/wp-json\/wp\/v2\/pages\/6077","targetHints":{"allow":["GET"]}}],"collection":[{"href":"https:\/\/podium19.nl\/de\/wp-json\/wp\/v2\/pages"}],"about":[{"href":"https:\/\/podium19.nl\/de\/wp-json\/wp\/v2\/types\/page"}],"author":[{"embeddable":true,"href":"https:\/\/podium19.nl\/de\/wp-json\/wp\/v2\/users\/3683"}],"replies":[{"embeddable":true,"href":"https:\/\/podium19.nl\/de\/wp-json\/wp\/v2\/comments?post=6077"}],"version-history":[{"count":4,"href":"https:\/\/podium19.nl\/de\/wp-json\/wp\/v2\/pages\/6077\/revisions"}],"predecessor-version":[{"id":7729,"href":"https:\/\/podium19.nl\/de\/wp-json\/wp\/v2\/pages\/6077\/revisions\/7729"}],"wp:attachment":[{"href":"https:\/\/podium19.nl\/de\/wp-json\/wp\/v2\/media?parent=6077"}],"curies":[{"name":"wp","href":"https:\/\/api.w.org\/{rel}","templated":true}]}}