{"id":5971,"date":"2023-03-20T09:11:44","date_gmt":"2023-03-20T09:11:44","guid":{"rendered":"https:\/\/podium19.nl\/lasst-uns-essen\/"},"modified":"2025-02-26T12:43:26","modified_gmt":"2025-02-26T12:43:26","slug":"lasst-uns-essen","status":"publish","type":"page","link":"https:\/\/podium19.nl\/de\/lasst-uns-essen\/","title":{"rendered":"Lasst uns essen"},"content":{"rendered":"\t\t<div data-elementor-type=\"wp-post\" data-elementor-id=\"5971\" class=\"elementor elementor-5971 elementor-45\" data-elementor-post-type=\"page\">\n\t\t\t\t<div class=\"elementor-element elementor-element-6f2886a e-flex e-con-boxed e-con e-parent\" data-id=\"6f2886a\" data-element_type=\"container\" data-e-type=\"container\" data-settings=\"{&quot;background_background&quot;:&quot;classic&quot;}\">\n\t\t\t\t\t<div class=\"e-con-inner\">\n\t\t\t\t<div class=\"elementor-element elementor-element-eee7376 elementor-widget elementor-widget-heading\" data-id=\"eee7376\" data-element_type=\"widget\" data-e-type=\"widget\" data-widget_type=\"heading.default\">\n\t\t\t\t<div class=\"elementor-widget-container\">\n\t\t\t\t\t<h1 class=\"elementor-heading-title elementor-size-default\">Essen wir im Podium19<\/h1>\t\t\t\t<\/div>\n\t\t\t\t<\/div>\n\t\t\t\t\t<\/div>\n\t\t\t\t<\/div>\n\t\t<div class=\"elementor-element elementor-element-d3bd2b7 e-flex e-con-boxed e-con e-parent\" data-id=\"d3bd2b7\" data-element_type=\"container\" data-e-type=\"container\" data-settings=\"{&quot;background_background&quot;:&quot;classic&quot;}\">\n\t\t\t\t\t<div class=\"e-con-inner\">\n\t\t<div class=\"elementor-element elementor-element-ebc77c2 e-flex e-con-boxed e-con e-child\" data-id=\"ebc77c2\" data-element_type=\"container\" data-e-type=\"container\" data-settings=\"{&quot;background_background&quot;:&quot;classic&quot;}\">\n\t\t\t\t\t<div class=\"e-con-inner\">\n\t\t<div class=\"elementor-element elementor-element-0817330 e-con-full e-flex e-con e-child\" data-id=\"0817330\" data-element_type=\"container\" data-e-type=\"container\">\n\t\t<div class=\"elementor-element elementor-element-f8196b0 e-flex e-con-boxed elementor-invisible e-con e-child\" data-id=\"f8196b0\" data-element_type=\"container\" data-e-type=\"container\" data-settings=\"{&quot;background_background&quot;:&quot;classic&quot;,&quot;animation&quot;:&quot;fadeInUp&quot;}\">\n\t\t\t\t\t<div class=\"e-con-inner\">\n\t\t\t\t<div class=\"elementor-element elementor-element-f678c20 elementor-widget elementor-widget-image\" data-id=\"f678c20\" data-element_type=\"widget\" data-e-type=\"widget\" data-widget_type=\"image.default\">\n\t\t\t\t<div class=\"elementor-widget-container\">\n\t\t\t\t\t\t\t\t\t\t\t\t\t\t\t<img decoding=\"async\" width=\"63\" height=\"65\" src=\"https:\/\/podium19.nl\/wp-content\/uploads\/2023\/03\/Group-8.png?wsr\" class=\"attachment-large size-large wp-image-1424\" alt=\"\" \/>\t\t\t\t\t\t\t\t\t\t\t\t\t\t\t<\/div>\n\t\t\t\t<\/div>\n\t\t\t\t<div class=\"elementor-element elementor-element-3defb46 elementor-widget elementor-widget-heading\" data-id=\"3defb46\" data-element_type=\"widget\" data-e-type=\"widget\" data-widget_type=\"heading.default\">\n\t\t\t\t<div class=\"elementor-widget-container\">\n\t\t\t\t\t<h2 class=\"elementor-heading-title elementor-size-default\">Hungrig von all den Spielen?<\/h2>\t\t\t\t<\/div>\n\t\t\t\t<\/div>\n\t\t\t\t<div class=\"elementor-element elementor-element-96be76b elementor-widget elementor-widget-heading\" data-id=\"96be76b\" data-element_type=\"widget\" data-e-type=\"widget\" data-widget_type=\"heading.default\">\n\t\t\t\t<div class=\"elementor-widget-container\">\n\t\t\t\t\t<h2 class=\"elementor-heading-title elementor-size-default\">Werfen Sie einen Blick auf das Men\u00fc unten<\/h2>\t\t\t\t<\/div>\n\t\t\t\t<\/div>\n\t\t\t\t<div class=\"elementor-element elementor-element-d752b2f elementor-align-center elementor-widget elementor-widget-button\" data-id=\"d752b2f\" data-element_type=\"widget\" data-e-type=\"widget\" data-widget_type=\"button.default\">\n\t\t\t\t<div class=\"elementor-widget-container\">\n\t\t\t\t\t\t\t\t\t<div class=\"elementor-button-wrapper\">\n\t\t\t\t\t<a class=\"elementor-button elementor-button-link elementor-size-sm\" href=\"https:\/\/podium19.nl\/wp-content\/uploads\/2025\/02\/Menukaart-2.pdf\" target=\"_blank\">\n\t\t\t\t\t\t<span class=\"elementor-button-content-wrapper\">\n\t\t\t\t\t\t\t\t\t<span class=\"elementor-button-text\">Men\u00fckarte<\/span>\n\t\t\t\t\t<\/span>\n\t\t\t\t\t<\/a>\n\t\t\t\t<\/div>\n\t\t\t\t\t\t\t\t<\/div>\n\t\t\t\t<\/div>\n\t\t\t\t\t<\/div>\n\t\t\t\t<\/div>\n\t\t\t\t<\/div>\n\t\t<div class=\"elementor-element elementor-element-b239bfb e-con-full e-flex e-con e-child\" data-id=\"b239bfb\" data-element_type=\"container\" data-e-type=\"container\">\n\t\t<div class=\"elementor-element elementor-element-175dece e-flex e-con-boxed elementor-invisible e-con e-child\" data-id=\"175dece\" data-element_type=\"container\" data-e-type=\"container\" data-settings=\"{&quot;background_background&quot;:&quot;classic&quot;,&quot;animation&quot;:&quot;fadeInUp&quot;}\">\n\t\t\t\t\t<div class=\"e-con-inner\">\n\t\t\t\t<div class=\"elementor-element elementor-element-1e71037 elementor-widget elementor-widget-image\" data-id=\"1e71037\" data-element_type=\"widget\" data-e-type=\"widget\" data-widget_type=\"image.default\">\n\t\t\t\t<div class=\"elementor-widget-container\">\n\t\t\t\t\t\t\t\t\t\t\t\t\t\t\t<img decoding=\"async\" width=\"63\" height=\"65\" src=\"https:\/\/podium19.nl\/wp-content\/uploads\/2023\/03\/Group-8.png?wsr\" class=\"attachment-large size-large wp-image-1424\" alt=\"\" \/>\t\t\t\t\t\t\t\t\t\t\t\t\t\t\t<\/div>\n\t\t\t\t<\/div>\n\t\t\t\t<div class=\"elementor-element elementor-element-cd44898 elementor-widget elementor-widget-heading\" data-id=\"cd44898\" data-element_type=\"widget\" data-e-type=\"widget\" data-widget_type=\"heading.default\">\n\t\t\t\t<div class=\"elementor-widget-container\">\n\t\t\t\t\t<h2 class=\"elementor-heading-title elementor-size-default\">Was darf ich Ihnen einschenken?<\/h2>\t\t\t\t<\/div>\n\t\t\t\t<\/div>\n\t\t\t\t<div class=\"elementor-element elementor-element-03a507a elementor-widget elementor-widget-heading\" data-id=\"03a507a\" data-element_type=\"widget\" data-e-type=\"widget\" data-widget_type=\"heading.default\">\n\t\t\t\t<div class=\"elementor-widget-container\">\n\t\t\t\t\t<h2 class=\"elementor-heading-title elementor-size-default\">Sehen Sie sich die Getr\u00e4nkekarte unten an<\/h2>\t\t\t\t<\/div>\n\t\t\t\t<\/div>\n\t\t\t\t<div class=\"elementor-element elementor-element-1cd959a elementor-align-center elementor-widget elementor-widget-button\" data-id=\"1cd959a\" data-element_type=\"widget\" data-e-type=\"widget\" data-widget_type=\"button.default\">\n\t\t\t\t<div class=\"elementor-widget-container\">\n\t\t\t\t\t\t\t\t\t<div class=\"elementor-button-wrapper\">\n\t\t\t\t\t<a class=\"elementor-button elementor-button-link elementor-size-sm\" href=\"https:\/\/podium19.nl\/wp-content\/uploads\/2025\/02\/Drankenkaart-2.pdf\" target=\"_blank\">\n\t\t\t\t\t\t<span class=\"elementor-button-content-wrapper\">\n\t\t\t\t\t\t\t\t\t<span class=\"elementor-button-text\">Getr\u00e4nkekarte<\/span>\n\t\t\t\t\t<\/span>\n\t\t\t\t\t<\/a>\n\t\t\t\t<\/div>\n\t\t\t\t\t\t\t\t<\/div>\n\t\t\t\t<\/div>\n\t\t\t\t\t<\/div>\n\t\t\t\t<\/div>\n\t\t\t\t<\/div>\n\t\t\t\t\t<\/div>\n\t\t\t\t<\/div>\n\t\t\t\t\t<\/div>\n\t\t\t\t<\/div>\n\t\t<div class=\"elementor-element elementor-element-b2437fb e-flex e-con-boxed e-con e-parent\" data-id=\"b2437fb\" data-element_type=\"container\" data-e-type=\"container\" data-settings=\"{&quot;background_background&quot;:&quot;classic&quot;}\">\n\t\t\t\t\t<div class=\"e-con-inner\">\n\t\t\t\t<div class=\"elementor-element elementor-element-1bc451b elementor-widget elementor-widget-heading\" data-id=\"1bc451b\" data-element_type=\"widget\" data-e-type=\"widget\" data-widget_type=\"heading.default\">\n\t\t\t\t<div class=\"elementor-widget-container\">\n\t\t\t\t\t<h2 class=\"elementor-heading-title elementor-size-default\">Essen und Trinken im Podium19 - Tanken Sie zwischen den Spielen auf\n<\/h2>\t\t\t\t<\/div>\n\t\t\t\t<\/div>\n\t\t\t\t<div class=\"elementor-element elementor-element-a83702f elementor-widget elementor-widget-text-editor\" data-id=\"a83702f\" data-element_type=\"widget\" data-e-type=\"widget\" data-widget_type=\"text-editor.default\">\n\t\t\t\t<div class=\"elementor-widget-container\">\n\t\t\t\t\t\t\t\t\t<div dir=\"auto\">\n<p data-start=\"93\" data-end=\"169\"><span style=\"color: var( --e-global-color-text ); font-family: var( --e-global-typography-text-font-family ), Sans-serif; font-weight: var( --e-global-typography-text-font-weight ); text-align: var(--text-align); background-color: var( --e-global-color-primary ); font-size: 1rem;\">Bei Podium19 geht es nicht nur um Spa\u00df und Wettbewerb, sondern auch darum, eine wohlverdiente Pause zu genie\u00dfen. Zwischen den Spielen k\u00f6nnen Sie bei uns einen Snack und ein Getr\u00e4nk zu sich nehmen, um neue Energie zu tanken, bevor Sie sich wieder voller Elan an die Arbeit machen. <\/span><\/p>\n<p data-start=\"433\" data-end=\"722\"><strong data-start=\"433\" data-end=\"478\">FOOD: schneller Snack oder leckere Pause<\/strong><br data-start=\"478\" data-end=\"481\">Unsere Speisekarte bietet f\u00fcr jeden etwas. Egal, ob Sie Lust auf einen schnellen Snack oder eine aufwendigere Mahlzeit haben, Sie werden immer etwas finden, das zu Ihrem Moment passt. Nehmen Sie Platz, entspannen Sie sich und genie\u00dfen Sie eine erholsame Pause mit gutem Essen.  <\/p>\n<\/div>\n\t\t\t\t\t\t\t\t<\/div>\n\t\t\t\t<\/div>\n\t\t\t\t<div class=\"elementor-element elementor-element-063ac4d elementor-align-center elementor-widget elementor-widget-button\" data-id=\"063ac4d\" data-element_type=\"widget\" data-e-type=\"widget\" data-widget_type=\"button.default\">\n\t\t\t\t<div class=\"elementor-widget-container\">\n\t\t\t\t\t\t\t\t\t<div class=\"elementor-button-wrapper\">\n\t\t\t\t\t<a class=\"elementor-button elementor-button-link elementor-size-sm\" href=\"https:\/\/podium19.nl\/wp-content\/uploads\/2025\/02\/Menukaart-2.pdf\" target=\"_blank\">\n\t\t\t\t\t\t<span class=\"elementor-button-content-wrapper\">\n\t\t\t\t\t\t\t\t\t<span class=\"elementor-button-text\">Men\u00fckarte<\/span>\n\t\t\t\t\t<\/span>\n\t\t\t\t\t<\/a>\n\t\t\t\t<\/div>\n\t\t\t\t\t\t\t\t<\/div>\n\t\t\t\t<\/div>\n\t\t\t\t<div class=\"elementor-element elementor-element-455a3fd elementor-widget elementor-widget-text-editor\" data-id=\"455a3fd\" data-element_type=\"widget\" data-e-type=\"widget\" data-widget_type=\"text-editor.default\">\n\t\t\t\t<div class=\"elementor-widget-container\">\n\t\t\t\t\t\t\t\t\t<div dir=\"auto\">\n<p data-start=\"724\" data-end=\"1022\"><strong data-start=\"724\" data-end=\"763\">GETR\u00c4NKE: von frisch bis festlich<\/strong><br data-start=\"763\" data-end=\"766\">Wir l\u00f6schen auch den Durst mit Stil. W\u00e4hlen Sie aus unserer umfangreichen Getr\u00e4nkekarte mit Erfrischungsgetr\u00e4nken, frischen S\u00e4ften, Spezialbieren und k\u00f6stlichen Cocktails. Ob Sie sich f\u00fcr etwas Erfrischendes oder etwas Festliches entscheiden, wir haben immer das perfekte Getr\u00e4nk f\u00fcr Ihre Pause.  <\/p>\n<\/div>\n\t\t\t\t\t\t\t\t<\/div>\n\t\t\t\t<\/div>\n\t\t\t\t<div class=\"elementor-element elementor-element-e15825d elementor-align-center elementor-widget elementor-widget-button\" data-id=\"e15825d\" data-element_type=\"widget\" data-e-type=\"widget\" data-widget_type=\"button.default\">\n\t\t\t\t<div class=\"elementor-widget-container\">\n\t\t\t\t\t\t\t\t\t<div class=\"elementor-button-wrapper\">\n\t\t\t\t\t<a class=\"elementor-button elementor-button-link elementor-size-sm\" href=\"https:\/\/podium19.nl\/wp-content\/uploads\/2025\/02\/Drankenkaart-2.pdf\" target=\"_blank\">\n\t\t\t\t\t\t<span class=\"elementor-button-content-wrapper\">\n\t\t\t\t\t\t\t\t\t<span class=\"elementor-button-text\">Getr\u00e4nkekarte<\/span>\n\t\t\t\t\t<\/span>\n\t\t\t\t\t<\/a>\n\t\t\t\t<\/div>\n\t\t\t\t\t\t\t\t<\/div>\n\t\t\t\t<\/div>\n\t\t\t\t\t<\/div>\n\t\t\t\t<\/div>\n\t\t<div class=\"elementor-element elementor-element-cfdd808 e-flex e-con-boxed e-con e-parent\" data-id=\"cfdd808\" data-element_type=\"container\" data-e-type=\"container\" data-settings=\"{&quot;background_background&quot;:&quot;classic&quot;}\">\n\t\t\t\t\t<div class=\"e-con-inner\">\n\t\t\t\t<div class=\"elementor-element elementor-element-2ba3a04 elementor-widget elementor-widget-global elementor-global-6148 elementor-global-1215 elementor-widget-image\" data-id=\"2ba3a04\" data-element_type=\"widget\" data-e-type=\"widget\" data-widget_type=\"image.default\">\n\t\t\t\t<div class=\"elementor-widget-container\">\n\t\t\t\t\t\t\t\t\t\t\t\t\t\t\t<img fetchpriority=\"high\" decoding=\"async\" width=\"800\" height=\"169\" src=\"https:\/\/podium19.nl\/wp-content\/uploads\/2023\/05\/Group-12.png?wsr\" class=\"attachment-large size-large wp-image-1500\" alt=\"\" srcset=\"https:\/\/podium19.nl\/wp-content\/uploads\/2023\/05\/Group-12.png 900w, https:\/\/podium19.nl\/wp-content\/uploads\/2023\/05\/Group-12-300x63.png 300w, https:\/\/podium19.nl\/wp-content\/uploads\/2023\/05\/Group-12-768x162.png 768w\" sizes=\"(max-width: 800px) 100vw, 800px\" \/>\t\t\t\t\t\t\t\t\t\t\t\t\t\t\t<\/div>\n\t\t\t\t<\/div>\n\t\t\t\t\t<\/div>\n\t\t\t\t<\/div>\n\t\t\t\t<\/div>\n\t\t","protected":false},"excerpt":{"rendered":"<p>Essen wir im Podium19 Hungrig von all den Spielen? Werfen Sie einen Blick auf das Men\u00fc unten Men\u00fckarte Was darf ich Ihnen einschenken? Sehen Sie sich die Getr\u00e4nkekarte unten an Getr\u00e4nkekarte Essen und Trinken im Podium19 &#8211; Tanken Sie zwischen den Spielen auf Bei Podium19 geht es nicht nur um Spa\u00df und Wettbewerb, sondern auch [&hellip;]<\/p>\n","protected":false},"author":3680,"featured_media":0,"parent":0,"menu_order":0,"comment_status":"closed","ping_status":"closed","template":"","meta":{"_acf_changed":false,"footnotes":""},"class_list":["post-5971","page","type-page","status-publish","hentry"],"acf":[],"yoast_head":"<!-- This site is optimized with the Yoast SEO plugin v27.3 - https:\/\/yoast.com\/product\/yoast-seo-wordpress\/ -->\n<title>Lasst uns essen - Podium19<\/title>\n<meta name=\"robots\" content=\"index, follow, max-snippet:-1, max-image-preview:large, max-video-preview:-1\" \/>\n<link rel=\"canonical\" href=\"https:\/\/podium19.nl\/de\/lasst-uns-essen\/\" \/>\n<meta property=\"og:locale\" content=\"de_DE\" \/>\n<meta property=\"og:type\" content=\"article\" \/>\n<meta property=\"og:title\" content=\"Lasst uns essen - Podium19\" \/>\n<meta property=\"og:description\" content=\"Essen wir im Podium19 Hungrig von all den Spielen? Werfen Sie einen Blick auf das Men\u00fc unten Men\u00fckarte Was darf ich Ihnen einschenken? Sehen Sie sich die Getr\u00e4nkekarte unten an Getr\u00e4nkekarte Essen und Trinken im Podium19 &#8211; Tanken Sie zwischen den Spielen auf Bei Podium19 geht es nicht nur um Spa\u00df und Wettbewerb, sondern auch [&hellip;]\" \/>\n<meta property=\"og:url\" content=\"https:\/\/podium19.nl\/de\/lasst-uns-essen\/\" \/>\n<meta property=\"og:site_name\" content=\"Podium19\" \/>\n<meta property=\"article:modified_time\" content=\"2025-02-26T12:43:26+00:00\" \/>\n<meta property=\"og:image\" content=\"https:\/\/podium19.nl\/wp-content\/uploads\/2023\/03\/Group-8.png?wsr\" \/>\n<meta name=\"twitter:card\" content=\"summary_large_image\" \/>\n<meta name=\"twitter:label1\" content=\"Gesch\u00e4tzte Lesezeit\" \/>\n\t<meta name=\"twitter:data1\" content=\"1\u00a0Minute\" \/>\n<script type=\"application\/ld+json\" class=\"yoast-schema-graph\">{\"@context\":\"https:\\\/\\\/schema.org\",\"@graph\":[{\"@type\":\"WebPage\",\"@id\":\"https:\\\/\\\/podium19.nl\\\/de\\\/lasst-uns-essen\\\/\",\"url\":\"https:\\\/\\\/podium19.nl\\\/de\\\/lasst-uns-essen\\\/\",\"name\":\"Lasst uns essen - Podium19\",\"isPartOf\":{\"@id\":\"https:\\\/\\\/podium19.nl\\\/de\\\/#website\"},\"primaryImageOfPage\":{\"@id\":\"https:\\\/\\\/podium19.nl\\\/de\\\/lasst-uns-essen\\\/#primaryimage\"},\"image\":{\"@id\":\"https:\\\/\\\/podium19.nl\\\/de\\\/lasst-uns-essen\\\/#primaryimage\"},\"thumbnailUrl\":\"https:\\\/\\\/podium19.nl\\\/wp-content\\\/uploads\\\/2023\\\/03\\\/Group-8.png?wsr\",\"datePublished\":\"2023-03-20T09:11:44+00:00\",\"dateModified\":\"2025-02-26T12:43:26+00:00\",\"breadcrumb\":{\"@id\":\"https:\\\/\\\/podium19.nl\\\/de\\\/lasst-uns-essen\\\/#breadcrumb\"},\"inLanguage\":\"de\",\"potentialAction\":[{\"@type\":\"ReadAction\",\"target\":[\"https:\\\/\\\/podium19.nl\\\/de\\\/lasst-uns-essen\\\/\"]}]},{\"@type\":\"ImageObject\",\"inLanguage\":\"de\",\"@id\":\"https:\\\/\\\/podium19.nl\\\/de\\\/lasst-uns-essen\\\/#primaryimage\",\"url\":\"https:\\\/\\\/podium19.nl\\\/wp-content\\\/uploads\\\/2023\\\/03\\\/Group-8.png?wsr\",\"contentUrl\":\"https:\\\/\\\/podium19.nl\\\/wp-content\\\/uploads\\\/2023\\\/03\\\/Group-8.png?wsr\"},{\"@type\":\"BreadcrumbList\",\"@id\":\"https:\\\/\\\/podium19.nl\\\/de\\\/lasst-uns-essen\\\/#breadcrumb\",\"itemListElement\":[{\"@type\":\"ListItem\",\"position\":1,\"name\":\"Home\",\"item\":\"https:\\\/\\\/podium19.nl\\\/de\\\/\"},{\"@type\":\"ListItem\",\"position\":2,\"name\":\"Lasst uns essen\"}]},{\"@type\":\"WebSite\",\"@id\":\"https:\\\/\\\/podium19.nl\\\/de\\\/#website\",\"url\":\"https:\\\/\\\/podium19.nl\\\/de\\\/\",\"name\":\"Podium19\",\"description\":\"Let&#039;s Play, Eat, Meet at Podium 19.\",\"publisher\":{\"@id\":\"https:\\\/\\\/podium19.nl\\\/de\\\/#organization\"},\"potentialAction\":[{\"@type\":\"SearchAction\",\"target\":{\"@type\":\"EntryPoint\",\"urlTemplate\":\"https:\\\/\\\/podium19.nl\\\/de\\\/?s={search_term_string}\"},\"query-input\":{\"@type\":\"PropertyValueSpecification\",\"valueRequired\":true,\"valueName\":\"search_term_string\"}}],\"inLanguage\":\"de\"},{\"@type\":\"Organization\",\"@id\":\"https:\\\/\\\/podium19.nl\\\/de\\\/#organization\",\"name\":\"Podium19\",\"url\":\"https:\\\/\\\/podium19.nl\\\/de\\\/\",\"logo\":{\"@type\":\"ImageObject\",\"inLanguage\":\"de\",\"@id\":\"https:\\\/\\\/podium19.nl\\\/de\\\/#\\\/schema\\\/logo\\\/image\\\/\",\"url\":\"https:\\\/\\\/podium19.nl\\\/wp-content\\\/uploads\\\/2023\\\/03\\\/Group-15-1.png?wsr\",\"contentUrl\":\"https:\\\/\\\/podium19.nl\\\/wp-content\\\/uploads\\\/2023\\\/03\\\/Group-15-1.png?wsr\",\"width\":191,\"height\":40,\"caption\":\"Podium19\"},\"image\":{\"@id\":\"https:\\\/\\\/podium19.nl\\\/de\\\/#\\\/schema\\\/logo\\\/image\\\/\"}}]}<\/script>\n<!-- \/ Yoast SEO plugin. -->","yoast_head_json":{"title":"Lasst uns essen - Podium19","robots":{"index":"index","follow":"follow","max-snippet":"max-snippet:-1","max-image-preview":"max-image-preview:large","max-video-preview":"max-video-preview:-1"},"canonical":"https:\/\/podium19.nl\/de\/lasst-uns-essen\/","og_locale":"de_DE","og_type":"article","og_title":"Lasst uns essen - Podium19","og_description":"Essen wir im Podium19 Hungrig von all den Spielen? Werfen Sie einen Blick auf das Men\u00fc unten Men\u00fckarte Was darf ich Ihnen einschenken? Sehen Sie sich die Getr\u00e4nkekarte unten an Getr\u00e4nkekarte Essen und Trinken im Podium19 &#8211; Tanken Sie zwischen den Spielen auf Bei Podium19 geht es nicht nur um Spa\u00df und Wettbewerb, sondern auch [&hellip;]","og_url":"https:\/\/podium19.nl\/de\/lasst-uns-essen\/","og_site_name":"Podium19","article_modified_time":"2025-02-26T12:43:26+00:00","og_image":[{"url":"https:\/\/podium19.nl\/wp-content\/uploads\/2023\/03\/Group-8.png?wsr","type":"","width":"","height":""}],"twitter_card":"summary_large_image","twitter_misc":{"Gesch\u00e4tzte Lesezeit":"1\u00a0Minute"},"schema":{"@context":"https:\/\/schema.org","@graph":[{"@type":"WebPage","@id":"https:\/\/podium19.nl\/de\/lasst-uns-essen\/","url":"https:\/\/podium19.nl\/de\/lasst-uns-essen\/","name":"Lasst uns essen - Podium19","isPartOf":{"@id":"https:\/\/podium19.nl\/de\/#website"},"primaryImageOfPage":{"@id":"https:\/\/podium19.nl\/de\/lasst-uns-essen\/#primaryimage"},"image":{"@id":"https:\/\/podium19.nl\/de\/lasst-uns-essen\/#primaryimage"},"thumbnailUrl":"https:\/\/podium19.nl\/wp-content\/uploads\/2023\/03\/Group-8.png?wsr","datePublished":"2023-03-20T09:11:44+00:00","dateModified":"2025-02-26T12:43:26+00:00","breadcrumb":{"@id":"https:\/\/podium19.nl\/de\/lasst-uns-essen\/#breadcrumb"},"inLanguage":"de","potentialAction":[{"@type":"ReadAction","target":["https:\/\/podium19.nl\/de\/lasst-uns-essen\/"]}]},{"@type":"ImageObject","inLanguage":"de","@id":"https:\/\/podium19.nl\/de\/lasst-uns-essen\/#primaryimage","url":"https:\/\/podium19.nl\/wp-content\/uploads\/2023\/03\/Group-8.png?wsr","contentUrl":"https:\/\/podium19.nl\/wp-content\/uploads\/2023\/03\/Group-8.png?wsr"},{"@type":"BreadcrumbList","@id":"https:\/\/podium19.nl\/de\/lasst-uns-essen\/#breadcrumb","itemListElement":[{"@type":"ListItem","position":1,"name":"Home","item":"https:\/\/podium19.nl\/de\/"},{"@type":"ListItem","position":2,"name":"Lasst uns essen"}]},{"@type":"WebSite","@id":"https:\/\/podium19.nl\/de\/#website","url":"https:\/\/podium19.nl\/de\/","name":"Podium19","description":"Let&#039;s Play, Eat, Meet at Podium 19.","publisher":{"@id":"https:\/\/podium19.nl\/de\/#organization"},"potentialAction":[{"@type":"SearchAction","target":{"@type":"EntryPoint","urlTemplate":"https:\/\/podium19.nl\/de\/?s={search_term_string}"},"query-input":{"@type":"PropertyValueSpecification","valueRequired":true,"valueName":"search_term_string"}}],"inLanguage":"de"},{"@type":"Organization","@id":"https:\/\/podium19.nl\/de\/#organization","name":"Podium19","url":"https:\/\/podium19.nl\/de\/","logo":{"@type":"ImageObject","inLanguage":"de","@id":"https:\/\/podium19.nl\/de\/#\/schema\/logo\/image\/","url":"https:\/\/podium19.nl\/wp-content\/uploads\/2023\/03\/Group-15-1.png?wsr","contentUrl":"https:\/\/podium19.nl\/wp-content\/uploads\/2023\/03\/Group-15-1.png?wsr","width":191,"height":40,"caption":"Podium19"},"image":{"@id":"https:\/\/podium19.nl\/de\/#\/schema\/logo\/image\/"}}]}},"_links":{"self":[{"href":"https:\/\/podium19.nl\/de\/wp-json\/wp\/v2\/pages\/5971","targetHints":{"allow":["GET"]}}],"collection":[{"href":"https:\/\/podium19.nl\/de\/wp-json\/wp\/v2\/pages"}],"about":[{"href":"https:\/\/podium19.nl\/de\/wp-json\/wp\/v2\/types\/page"}],"author":[{"embeddable":true,"href":"https:\/\/podium19.nl\/de\/wp-json\/wp\/v2\/users\/3680"}],"replies":[{"embeddable":true,"href":"https:\/\/podium19.nl\/de\/wp-json\/wp\/v2\/comments?post=5971"}],"version-history":[{"count":1,"href":"https:\/\/podium19.nl\/de\/wp-json\/wp\/v2\/pages\/5971\/revisions"}],"predecessor-version":[{"id":5977,"href":"https:\/\/podium19.nl\/de\/wp-json\/wp\/v2\/pages\/5971\/revisions\/5977"}],"wp:attachment":[{"href":"https:\/\/podium19.nl\/de\/wp-json\/wp\/v2\/media?parent=5971"}],"curies":[{"name":"wp","href":"https:\/\/api.w.org\/{rel}","templated":true}]}}