{"id":1671,"date":"2023-03-20T09:11:44","date_gmt":"2023-03-20T09:11:44","guid":{"rendered":"https:\/\/podium19.nl\/combo-angebote\/"},"modified":"2026-04-07T13:19:12","modified_gmt":"2026-04-07T13:19:12","slug":"combo-angebote","status":"publish","type":"page","link":"https:\/\/podium19.nl\/de\/combo-angebote\/","title":{"rendered":"Kombi-Angebote"},"content":{"rendered":"\t\t<div data-elementor-type=\"wp-post\" data-elementor-id=\"1671\" class=\"elementor elementor-1671 elementor-72\" data-elementor-post-type=\"page\">\n\t\t\t\t<div class=\"elementor-element elementor-element-40e0cc88 e-con-full e-flex e-con e-parent\" data-id=\"40e0cc88\" data-element_type=\"container\" data-e-type=\"container\" data-settings=\"{&quot;background_background&quot;:&quot;classic&quot;}\">\n\t\t\t\t<div class=\"elementor-element elementor-element-21c02b1a elementor-widget elementor-widget-heading\" data-id=\"21c02b1a\" data-element_type=\"widget\" data-e-type=\"widget\" data-widget_type=\"heading.default\">\n\t\t\t\t<div class=\"elementor-widget-container\">\n\t\t\t\t\t<h2 class=\"elementor-heading-title elementor-size-default\"> <\/h2>\t\t\t\t<\/div>\n\t\t\t\t<\/div>\n\t\t\t\t<\/div>\n\t\t<div class=\"elementor-element elementor-element-bbb8aed e-flex e-con-boxed e-con e-parent\" data-id=\"bbb8aed\" data-element_type=\"container\" data-e-type=\"container\" data-settings=\"{&quot;background_background&quot;:&quot;classic&quot;}\">\n\t\t\t\t\t<div class=\"e-con-inner\">\n\t\t<div class=\"elementor-element elementor-element-56656b3 e-con-full e-flex e-con e-child\" data-id=\"56656b3\" data-element_type=\"container\" data-e-type=\"container\">\n\t\t\t\t<div class=\"elementor-element elementor-element-7103dc1 elementor-widget elementor-widget-heading\" data-id=\"7103dc1\" data-element_type=\"widget\" data-e-type=\"widget\" data-widget_type=\"heading.default\">\n\t\t\t\t<div class=\"elementor-widget-container\">\n\t\t\t\t\t<h1 class=\"elementor-heading-title elementor-size-default\">Kombi-Angebote<\/h1>\t\t\t\t<\/div>\n\t\t\t\t<\/div>\n\t\t\t\t<div class=\"elementor-element elementor-element-3894c89a elementor-align-left elementor-widget elementor-widget-button\" data-id=\"3894c89a\" data-element_type=\"widget\" data-e-type=\"widget\" data-widget_type=\"button.default\">\n\t\t\t\t<div class=\"elementor-widget-container\">\n\t\t\t\t\t\t\t\t\t<div class=\"elementor-button-wrapper\">\n\t\t\t\t\t<a class=\"elementor-button elementor-button-link elementor-size-md\" href=\"https:\/\/podium19.i-reserve.nl\/combideals\">\n\t\t\t\t\t\t<span class=\"elementor-button-content-wrapper\">\n\t\t\t\t\t\t\t\t\t<span class=\"elementor-button-text\">Jetzt reservieren<\/span>\n\t\t\t\t\t<\/span>\n\t\t\t\t\t<\/a>\n\t\t\t\t<\/div>\n\t\t\t\t\t\t\t\t<\/div>\n\t\t\t\t<\/div>\n\t\t\t\t<div class=\"elementor-element elementor-element-29d56e8 elementor-widget__width-initial elementor-widget elementor-widget-text-editor\" data-id=\"29d56e8\" data-element_type=\"widget\" data-e-type=\"widget\" data-widget_type=\"text-editor.default\">\n\t\t\t\t<div class=\"elementor-widget-container\">\n\t\t\t\t\t\t\t\t\t<p> Sie k\u00f6nnen sich nicht zwischen unseren Spielen entscheiden? Das ist nicht n\u00f6tig! Bei den Kombi-Angeboten erhalten Sie eine Erm\u00e4\u00dfigung, wenn Sie 2 Aktivit\u00e4ten durchf\u00fchren. Sie zahlen nur vor Ort.   <\/p>\n\t\t\t\t\t\t\t\t<\/div>\n\t\t\t\t<\/div>\n\t\t\t\t<\/div>\n\t\t<div class=\"elementor-element elementor-element-ab9c173 e-con-full elementor-hidden-tablet elementor-hidden-mobile e-flex e-con e-child\" data-id=\"ab9c173\" data-element_type=\"container\" data-e-type=\"container\">\n\t\t\t\t<\/div>\n\t\t\t\t\t<\/div>\n\t\t\t\t<\/div>\n\t\t<div class=\"elementor-element elementor-element-5e4df1d e-flex e-con-boxed e-con e-parent\" data-id=\"5e4df1d\" data-element_type=\"container\" data-e-type=\"container\" data-settings=\"{&quot;background_background&quot;:&quot;classic&quot;}\">\n\t\t\t\t\t<div class=\"e-con-inner\">\n\t\t<div class=\"elementor-element elementor-element-421a020 e-con-full e-flex e-con e-child\" data-id=\"421a020\" data-element_type=\"container\" data-e-type=\"container\">\n\t\t<div class=\"elementor-element elementor-element-d744116 e-con-full e-flex e-con e-child\" data-id=\"d744116\" data-element_type=\"container\" data-e-type=\"container\">\n\t\t\t\t<div class=\"elementor-element elementor-element-3cb9b4c elementor-cta--layout-image-right elementor-cta--valign-top elementor-cta--mobile-layout-image-above elementor-cta--skin-classic elementor-animated-content elementor-bg-transform elementor-bg-transform-zoom-in elementor-widget elementor-widget-call-to-action\" data-id=\"3cb9b4c\" data-element_type=\"widget\" data-e-type=\"widget\" data-widget_type=\"call-to-action.default\">\n\t\t\t\t<div class=\"elementor-widget-container\">\n\t\t\t\t\t\t\t<a class=\"elementor-cta\" href=\"https:\/\/podium19.i-reserve.nl\/front?mod=calendar&#038;configid=482&#038;combi=27&#038;style=88&#038;lang=NL\">\n\t\t\t\t\t<div class=\"elementor-cta__bg-wrapper\">\n\t\t\t\t<div class=\"elementor-cta__bg elementor-bg\" style=\"background-image: url(https:\/\/podium19.nl\/wp-content\/uploads\/2024\/08\/Combideal-Hyperbowling-Prison-Island.webp?wsr);\" role=\"img\" aria-label=\"Combideal-Hyperbowling-Prison-Island.webp\"><\/div>\n\t\t\t\t<div class=\"elementor-cta__bg-overlay\"><\/div>\n\t\t\t<\/div>\n\t\t\t\t\t\t\t<div class=\"elementor-cta__content\">\n\t\t\t\t\n\t\t\t\t\t\t\t\t\t<h2 class=\"elementor-cta__title elementor-cta__content-item elementor-content-item\">\n\t\t\t\t\t\tHyperBowling + Prison Island <br>\u20ac43,50 pro Bahn + \u20ac17,20 p.P.\t\t\t\t\t<\/h2>\n\t\t\t\t\n\t\t\t\t\t\t\t\t\t<div class=\"elementor-cta__description elementor-cta__content-item elementor-content-item\">\n\t\t\t\t\t\t<p>Spielen Sie eine Stunde Hyperbowling und kombinieren Sie sie mit einer Stunde Prison Island. Bei diesem Kombi-Angebot erhalten Sie 20 % Rabatt pro Person auf Prison Island. <\/p>\n\t\t\t\t\t<\/div>\n\t\t\t\t\n\t\t\t\t\t\t\t\t\t<div class=\"elementor-cta__button-wrapper elementor-cta__content-item elementor-content-item \">\n\t\t\t\t\t<span class=\"elementor-cta__button elementor-button elementor-size-\">\n\t\t\t\t\t\tReservierung\t\t\t\t\t<\/span>\n\t\t\t\t\t<\/div>\n\t\t\t\t\t\t\t<\/div>\n\t\t\t\t\t\t<\/a>\n\t\t\t\t\t\t<\/div>\n\t\t\t\t<\/div>\n\t\t\t\t<div class=\"elementor-element elementor-element-4e52034 elementor-cta--layout-image-right elementor-cta--valign-top elementor-cta--mobile-layout-image-above elementor-cta--skin-classic elementor-animated-content elementor-bg-transform elementor-bg-transform-zoom-in elementor-widget elementor-widget-call-to-action\" data-id=\"4e52034\" data-element_type=\"widget\" data-e-type=\"widget\" data-widget_type=\"call-to-action.default\">\n\t\t\t\t<div class=\"elementor-widget-container\">\n\t\t\t\t\t\t\t<a class=\"elementor-cta\" href=\"https:\/\/podium19.i-reserve.nl\/front?mod=calendar&#038;configid=482&#038;combi=34&#038;style=88&#038;lang=NL\">\n\t\t\t\t\t<div class=\"elementor-cta__bg-wrapper\">\n\t\t\t\t<div class=\"elementor-cta__bg elementor-bg\" style=\"background-image: url(https:\/\/podium19.nl\/wp-content\/uploads\/2024\/08\/Combideal-Hyperbowling-EscapeBox.webp?wsr);\" role=\"img\" aria-label=\"Combideal-Hyperbowling-EscapeBox.webp\"><\/div>\n\t\t\t\t<div class=\"elementor-cta__bg-overlay\"><\/div>\n\t\t\t<\/div>\n\t\t\t\t\t\t\t<div class=\"elementor-cta__content\">\n\t\t\t\t\n\t\t\t\t\t\t\t\t\t<h2 class=\"elementor-cta__title elementor-cta__content-item elementor-content-item\">\n\t\t\t\t\t\tHyperBowling + EscapeBox <br>\u20ac43,50 pro Bahn + \u20ac12,80 p.P.\t\t\t\t\t<\/h2>\n\t\t\t\t\n\t\t\t\t\t\t\t\t\t<div class=\"elementor-cta__description elementor-cta__content-item elementor-content-item\">\n\t\t\t\t\t\t<p>Spielen Sie eine Stunde Hyperbowling und kombinieren Sie sie mit einer 55-min\u00fctigen EscapeBox. Bei diesem Kombi-Angebot erhalten Sie einen Rabatt von 20% pro Person. <\/p>\n\t\t\t\t\t<\/div>\n\t\t\t\t\n\t\t\t\t\t\t\t\t\t<div class=\"elementor-cta__button-wrapper elementor-cta__content-item elementor-content-item \">\n\t\t\t\t\t<span class=\"elementor-cta__button elementor-button elementor-size-\">\n\t\t\t\t\t\tReservierung\t\t\t\t\t<\/span>\n\t\t\t\t\t<\/div>\n\t\t\t\t\t\t\t<\/div>\n\t\t\t\t\t\t<\/a>\n\t\t\t\t\t\t<\/div>\n\t\t\t\t<\/div>\n\t\t\t\t<div class=\"elementor-element elementor-element-5badfe5 elementor-cta--layout-image-right elementor-cta--valign-top elementor-cta--mobile-layout-image-above elementor-cta--skin-classic elementor-animated-content elementor-bg-transform elementor-bg-transform-zoom-in elementor-widget elementor-widget-call-to-action\" data-id=\"5badfe5\" data-element_type=\"widget\" data-e-type=\"widget\" data-widget_type=\"call-to-action.default\">\n\t\t\t\t<div class=\"elementor-widget-container\">\n\t\t\t\t\t\t\t<a class=\"elementor-cta\" href=\"https:\/\/podium19.i-reserve.nl\/front?mod=calendar&#038;configid=482&#038;combi=26&#038;style=88&#038;lang=NL\">\n\t\t\t\t\t<div class=\"elementor-cta__bg-wrapper\">\n\t\t\t\t<div class=\"elementor-cta__bg elementor-bg\" style=\"background-image: url(https:\/\/podium19.nl\/wp-content\/uploads\/2024\/08\/Combideal-Hyperbowling-GlowGolf.webp?wsr);\" role=\"img\" aria-label=\"Combideal-Hyperbowling-GlowGolf.webp\"><\/div>\n\t\t\t\t<div class=\"elementor-cta__bg-overlay\"><\/div>\n\t\t\t<\/div>\n\t\t\t\t\t\t\t<div class=\"elementor-cta__content\">\n\t\t\t\t\n\t\t\t\t\t\t\t\t\t<h2 class=\"elementor-cta__title elementor-cta__content-item elementor-content-item\">\n\t\t\t\t\t\tHyperBowling + GlowGolf <br>\u20ac43,50 pro Bahn + \u20ac9,20 p.P.\t\t\t\t\t<\/h2>\n\t\t\t\t\n\t\t\t\t\t\t\t\t\t<div class=\"elementor-cta__description elementor-cta__content-item elementor-content-item\">\n\t\t\t\t\t\t<p>Spielen Sie eine Stunde Hyperbowling und kombinieren Sie sie mit einer Runde GlowGolf. Mit diesem Kombi-Angebot erhalten Sie 20% Rabatt pro Person auf GlowGolf. <\/p>\n\t\t\t\t\t<\/div>\n\t\t\t\t\n\t\t\t\t\t\t\t\t\t<div class=\"elementor-cta__button-wrapper elementor-cta__content-item elementor-content-item \">\n\t\t\t\t\t<span class=\"elementor-cta__button elementor-button elementor-size-\">\n\t\t\t\t\t\tReservierung\t\t\t\t\t<\/span>\n\t\t\t\t\t<\/div>\n\t\t\t\t\t\t\t<\/div>\n\t\t\t\t\t\t<\/a>\n\t\t\t\t\t\t<\/div>\n\t\t\t\t<\/div>\n\t\t\t\t<div class=\"elementor-element elementor-element-c7db97a elementor-cta--layout-image-right elementor-cta--valign-top elementor-cta--mobile-layout-image-above elementor-cta--skin-classic elementor-animated-content elementor-bg-transform elementor-bg-transform-zoom-in elementor-widget elementor-widget-call-to-action\" data-id=\"c7db97a\" data-element_type=\"widget\" data-e-type=\"widget\" data-widget_type=\"call-to-action.default\">\n\t\t\t\t<div class=\"elementor-widget-container\">\n\t\t\t\t\t\t\t<a class=\"elementor-cta\" href=\"https:\/\/podium19.i-reserve.nl\/front?mod=calendar&#038;configid=482&#038;combi=25&#038;style=88&#038;lang=NL\">\n\t\t\t\t\t<div class=\"elementor-cta__bg-wrapper\">\n\t\t\t\t<div class=\"elementor-cta__bg elementor-bg\" style=\"background-image: url(https:\/\/podium19.nl\/wp-content\/uploads\/2024\/08\/Combideal-Prison-Island-GlowGolf.webp?wsr);\" role=\"img\" aria-label=\"Combideal-Prison-Island-GlowGolf.webp\"><\/div>\n\t\t\t\t<div class=\"elementor-cta__bg-overlay\"><\/div>\n\t\t\t<\/div>\n\t\t\t\t\t\t\t<div class=\"elementor-cta__content\">\n\t\t\t\t\n\t\t\t\t\t\t\t\t\t<h2 class=\"elementor-cta__title elementor-cta__content-item elementor-content-item\">\n\t\t\t\t\t\tPrison Island + GlowGolf <br>\u20ac30,70 p.p.\t\t\t\t\t<\/h2>\n\t\t\t\t\n\t\t\t\t\t\t\t\t\t<div class=\"elementor-cta__description elementor-cta__content-item elementor-content-item\">\n\t\t\t\t\t\t<p>Spielen Sie eine Stunde Prison Island und kombinieren Sie es mit einer Runde GlowGolf. Bei diesem Kombi-Angebot erhalten Sie 20% Rabatt pro Person. <\/p>\n\t\t\t\t\t<\/div>\n\t\t\t\t\n\t\t\t\t\t\t\t\t\t<div class=\"elementor-cta__button-wrapper elementor-cta__content-item elementor-content-item \">\n\t\t\t\t\t<span class=\"elementor-cta__button elementor-button elementor-size-\">\n\t\t\t\t\t\tReservierung\t\t\t\t\t<\/span>\n\t\t\t\t\t<\/div>\n\t\t\t\t\t\t\t<\/div>\n\t\t\t\t\t\t<\/a>\n\t\t\t\t\t\t<\/div>\n\t\t\t\t<\/div>\n\t\t\t\t<div class=\"elementor-element elementor-element-ebf1bae elementor-cta--layout-image-right elementor-cta--valign-top elementor-cta--mobile-layout-image-above elementor-cta--skin-classic elementor-animated-content elementor-bg-transform elementor-bg-transform-zoom-in elementor-widget elementor-widget-call-to-action\" data-id=\"ebf1bae\" data-element_type=\"widget\" data-e-type=\"widget\" data-widget_type=\"call-to-action.default\">\n\t\t\t\t<div class=\"elementor-widget-container\">\n\t\t\t\t\t\t\t<a class=\"elementor-cta\" href=\"https:\/\/podium19.i-reserve.nl\/front?mod=calendar&#038;configid=482&#038;combi=35&#038;style=88&#038;lang=NL\">\n\t\t\t\t\t<div class=\"elementor-cta__bg-wrapper\">\n\t\t\t\t<div class=\"elementor-cta__bg elementor-bg\" style=\"background-image: url(https:\/\/podium19.nl\/wp-content\/uploads\/2024\/08\/Combideal-Prison-Island-EscapeBox-2.webp?wsr);\" role=\"img\" aria-label=\"Combideal-Prison-Island-EscapeBox-2.webp\"><\/div>\n\t\t\t\t<div class=\"elementor-cta__bg-overlay\"><\/div>\n\t\t\t<\/div>\n\t\t\t\t\t\t\t<div class=\"elementor-cta__content\">\n\t\t\t\t\n\t\t\t\t\t\t\t\t\t<h2 class=\"elementor-cta__title elementor-cta__content-item elementor-content-item\">\n\t\t\t\t\t\tPrison Island + EscapeBox <br>\u20ac34,30 p.p.\t\t\t\t\t<\/h2>\n\t\t\t\t\n\t\t\t\t\t\t\t\t\t<div class=\"elementor-cta__description elementor-cta__content-item elementor-content-item\">\n\t\t\t\t\t\t<p>Spielen Sie eine Stunde Prison Island und kombinieren Sie es mit einer 55-min\u00fctigen EscapeBox. Bei diesem Kombi-Angebot erhalten Sie 20% Rabatt pro Person. <\/p>\n\t\t\t\t\t<\/div>\n\t\t\t\t\n\t\t\t\t\t\t\t\t\t<div class=\"elementor-cta__button-wrapper elementor-cta__content-item elementor-content-item \">\n\t\t\t\t\t<span class=\"elementor-cta__button elementor-button elementor-size-\">\n\t\t\t\t\t\tReservierung\t\t\t\t\t<\/span>\n\t\t\t\t\t<\/div>\n\t\t\t\t\t\t\t<\/div>\n\t\t\t\t\t\t<\/a>\n\t\t\t\t\t\t<\/div>\n\t\t\t\t<\/div>\n\t\t\t\t<div class=\"elementor-element elementor-element-079fa85 elementor-cta--layout-image-right elementor-cta--valign-top elementor-cta--mobile-layout-image-above elementor-cta--skin-classic elementor-animated-content elementor-bg-transform elementor-bg-transform-zoom-in elementor-widget elementor-widget-call-to-action\" data-id=\"079fa85\" data-element_type=\"widget\" data-e-type=\"widget\" data-widget_type=\"call-to-action.default\">\n\t\t\t\t<div class=\"elementor-widget-container\">\n\t\t\t\t\t\t\t<a class=\"elementor-cta\" href=\"https:\/\/podium19.i-reserve.nl\/front?mod=calendar&#038;configid=482&#038;combi=33&#038;style=88&#038;lang=NL\">\n\t\t\t\t\t<div class=\"elementor-cta__bg-wrapper\">\n\t\t\t\t<div class=\"elementor-cta__bg elementor-bg\" style=\"background-image: url(https:\/\/podium19.nl\/wp-content\/uploads\/2024\/08\/Combideal-GlowGolf-EscapeBox.webp?wsr);\" role=\"img\" aria-label=\"Combideal-GlowGolf-EscapeBox.webp\"><\/div>\n\t\t\t\t<div class=\"elementor-cta__bg-overlay\"><\/div>\n\t\t\t<\/div>\n\t\t\t\t\t\t\t<div class=\"elementor-cta__content\">\n\t\t\t\t\n\t\t\t\t\t\t\t\t\t<h2 class=\"elementor-cta__title elementor-cta__content-item elementor-content-item\">\n\t\t\t\t\t\tEscapeBox + GlowGolf <br>\u20ac25,20 p.P.\t\t\t\t\t<\/h2>\n\t\t\t\t\n\t\t\t\t\t\t\t\t\t<div class=\"elementor-cta__description elementor-cta__content-item elementor-content-item\">\n\t\t\t\t\t\t<p>Spielen Sie 55 Minuten EscapeBox und kombinieren Sie es mit einer Runde GlowGolf. Mit diesem Kombi-Angebot erhalten Sie 20% Rabatt pro Person auf GlowGolf. <\/p>\n\t\t\t\t\t<\/div>\n\t\t\t\t\n\t\t\t\t\t\t\t\t\t<div class=\"elementor-cta__button-wrapper elementor-cta__content-item elementor-content-item \">\n\t\t\t\t\t<span class=\"elementor-cta__button elementor-button elementor-size-\">\n\t\t\t\t\t\tReservierung\t\t\t\t\t<\/span>\n\t\t\t\t\t<\/div>\n\t\t\t\t\t\t\t<\/div>\n\t\t\t\t\t\t<\/a>\n\t\t\t\t\t\t<\/div>\n\t\t\t\t<\/div>\n\t\t\t\t<div class=\"elementor-element elementor-element-e807bc0 elementor-widget elementor-widget-global elementor-global-6148 elementor-global-1215 elementor-widget-image\" data-id=\"e807bc0\" data-element_type=\"widget\" data-e-type=\"widget\" data-widget_type=\"image.default\">\n\t\t\t\t<div class=\"elementor-widget-container\">\n\t\t\t\t\t\t\t\t\t\t\t\t\t\t\t<img fetchpriority=\"high\" decoding=\"async\" width=\"800\" height=\"169\" src=\"https:\/\/podium19.nl\/wp-content\/uploads\/2023\/05\/Group-12.png?wsr\" class=\"attachment-large size-large wp-image-1500\" alt=\"\" srcset=\"https:\/\/podium19.nl\/wp-content\/uploads\/2023\/05\/Group-12.png 900w, https:\/\/podium19.nl\/wp-content\/uploads\/2023\/05\/Group-12-300x63.png 300w, https:\/\/podium19.nl\/wp-content\/uploads\/2023\/05\/Group-12-768x162.png 768w\" sizes=\"(max-width: 800px) 100vw, 800px\" \/>\t\t\t\t\t\t\t\t\t\t\t\t\t\t\t<\/div>\n\t\t\t\t<\/div>\n\t\t\t\t<\/div>\n\t\t\t\t<\/div>\n\t\t\t\t\t<\/div>\n\t\t\t\t<\/div>\n\t\t\t\t<\/div>\n\t\t","protected":false},"excerpt":{"rendered":"<p>Kombi-Angebote Jetzt reservieren Sie k\u00f6nnen sich nicht zwischen unseren Spielen entscheiden? Das ist nicht n\u00f6tig! Bei den Kombi-Angeboten erhalten Sie eine Erm\u00e4\u00dfigung, wenn Sie 2 Aktivit\u00e4ten durchf\u00fchren. Sie zahlen nur vor Ort. HyperBowling + Prison Island \u20ac43,50 pro Bahn + \u20ac17,20 p.P. Spielen Sie eine Stunde Hyperbowling und kombinieren Sie sie mit einer Stunde Prison [&hellip;]<\/p>\n","protected":false},"author":3680,"featured_media":0,"parent":0,"menu_order":0,"comment_status":"closed","ping_status":"closed","template":"","meta":{"_acf_changed":false,"footnotes":""},"class_list":["post-1671","page","type-page","status-publish","hentry"],"acf":[],"yoast_head":"<!-- This site is optimized with the Yoast SEO plugin v27.3 - https:\/\/yoast.com\/product\/yoast-seo-wordpress\/ -->\n<title>Kombi-Angebote - Podium19<\/title>\n<meta name=\"description\" content=\"Sie k\u00f6nnen sich nicht zwischen unseren Spielen entscheiden? Das ist nicht n\u00f6tig! Bei den Kombi-Angeboten erhalten Sie eine Erm\u00e4\u00dfigung, wenn Sie 2 Aktivit\u00e4ten durchf\u00fchren.\" \/>\n<meta name=\"robots\" content=\"index, follow, max-snippet:-1, max-image-preview:large, max-video-preview:-1\" \/>\n<link rel=\"canonical\" href=\"https:\/\/podium19.nl\/de\/combo-angebote\/\" \/>\n<meta property=\"og:locale\" content=\"de_DE\" \/>\n<meta property=\"og:type\" content=\"article\" \/>\n<meta property=\"og:title\" content=\"Kombi-Angebote - Podium19\" \/>\n<meta property=\"og:description\" content=\"Sie k\u00f6nnen sich nicht zwischen unseren Spielen entscheiden? Das ist nicht n\u00f6tig! Bei den Kombi-Angeboten erhalten Sie eine Erm\u00e4\u00dfigung, wenn Sie 2 Aktivit\u00e4ten durchf\u00fchren.\" \/>\n<meta property=\"og:url\" content=\"https:\/\/podium19.nl\/de\/combo-angebote\/\" \/>\n<meta property=\"og:site_name\" content=\"Podium19\" \/>\n<meta property=\"article:modified_time\" content=\"2026-04-07T13:19:12+00:00\" \/>\n<meta property=\"og:image\" content=\"https:\/\/podium19.nl\/wp-content\/uploads\/2023\/05\/Group-12.png?wsr\" \/>\n\t<meta property=\"og:image:width\" content=\"900\" \/>\n\t<meta property=\"og:image:height\" content=\"190\" \/>\n\t<meta property=\"og:image:type\" content=\"image\/png\" \/>\n<meta name=\"twitter:card\" content=\"summary_large_image\" \/>\n<meta name=\"twitter:label1\" content=\"Gesch\u00e4tzte Lesezeit\" \/>\n\t<meta name=\"twitter:data1\" content=\"2\u00a0Minuten\" \/>\n<script type=\"application\/ld+json\" class=\"yoast-schema-graph\">{\"@context\":\"https:\\\/\\\/schema.org\",\"@graph\":[{\"@type\":\"WebPage\",\"@id\":\"https:\\\/\\\/podium19.nl\\\/de\\\/combo-angebote\\\/\",\"url\":\"https:\\\/\\\/podium19.nl\\\/de\\\/combo-angebote\\\/\",\"name\":\"Kombi-Angebote - Podium19\",\"isPartOf\":{\"@id\":\"https:\\\/\\\/podium19.nl\\\/de\\\/#website\"},\"primaryImageOfPage\":{\"@id\":\"https:\\\/\\\/podium19.nl\\\/de\\\/combo-angebote\\\/#primaryimage\"},\"image\":{\"@id\":\"https:\\\/\\\/podium19.nl\\\/de\\\/combo-angebote\\\/#primaryimage\"},\"thumbnailUrl\":\"https:\\\/\\\/podium19.nl\\\/wp-content\\\/uploads\\\/2023\\\/05\\\/Group-12.png?wsr\",\"datePublished\":\"2023-03-20T09:11:44+00:00\",\"dateModified\":\"2026-04-07T13:19:12+00:00\",\"description\":\"Sie k\u00f6nnen sich nicht zwischen unseren Spielen entscheiden? Das ist nicht n\u00f6tig! Bei den Kombi-Angeboten erhalten Sie eine Erm\u00e4\u00dfigung, wenn Sie 2 Aktivit\u00e4ten durchf\u00fchren.\",\"breadcrumb\":{\"@id\":\"https:\\\/\\\/podium19.nl\\\/de\\\/combo-angebote\\\/#breadcrumb\"},\"inLanguage\":\"de\",\"potentialAction\":[{\"@type\":\"ReadAction\",\"target\":[\"https:\\\/\\\/podium19.nl\\\/de\\\/combo-angebote\\\/\"]}]},{\"@type\":\"ImageObject\",\"inLanguage\":\"de\",\"@id\":\"https:\\\/\\\/podium19.nl\\\/de\\\/combo-angebote\\\/#primaryimage\",\"url\":\"https:\\\/\\\/podium19.nl\\\/wp-content\\\/uploads\\\/2023\\\/05\\\/Group-12.png?wsr\",\"contentUrl\":\"https:\\\/\\\/podium19.nl\\\/wp-content\\\/uploads\\\/2023\\\/05\\\/Group-12.png?wsr\"},{\"@type\":\"BreadcrumbList\",\"@id\":\"https:\\\/\\\/podium19.nl\\\/de\\\/combo-angebote\\\/#breadcrumb\",\"itemListElement\":[{\"@type\":\"ListItem\",\"position\":1,\"name\":\"Home\",\"item\":\"https:\\\/\\\/podium19.nl\\\/de\\\/\"},{\"@type\":\"ListItem\",\"position\":2,\"name\":\"Kombi-Angebote\"}]},{\"@type\":\"WebSite\",\"@id\":\"https:\\\/\\\/podium19.nl\\\/de\\\/#website\",\"url\":\"https:\\\/\\\/podium19.nl\\\/de\\\/\",\"name\":\"Podium19\",\"description\":\"Let&#039;s Play, Eat, Meet at Podium 19.\",\"publisher\":{\"@id\":\"https:\\\/\\\/podium19.nl\\\/de\\\/#organization\"},\"potentialAction\":[{\"@type\":\"SearchAction\",\"target\":{\"@type\":\"EntryPoint\",\"urlTemplate\":\"https:\\\/\\\/podium19.nl\\\/de\\\/?s={search_term_string}\"},\"query-input\":{\"@type\":\"PropertyValueSpecification\",\"valueRequired\":true,\"valueName\":\"search_term_string\"}}],\"inLanguage\":\"de\"},{\"@type\":\"Organization\",\"@id\":\"https:\\\/\\\/podium19.nl\\\/de\\\/#organization\",\"name\":\"Podium19\",\"url\":\"https:\\\/\\\/podium19.nl\\\/de\\\/\",\"logo\":{\"@type\":\"ImageObject\",\"inLanguage\":\"de\",\"@id\":\"https:\\\/\\\/podium19.nl\\\/de\\\/#\\\/schema\\\/logo\\\/image\\\/\",\"url\":\"https:\\\/\\\/podium19.nl\\\/wp-content\\\/uploads\\\/2023\\\/03\\\/Group-15-1.png?wsr\",\"contentUrl\":\"https:\\\/\\\/podium19.nl\\\/wp-content\\\/uploads\\\/2023\\\/03\\\/Group-15-1.png?wsr\",\"width\":191,\"height\":40,\"caption\":\"Podium19\"},\"image\":{\"@id\":\"https:\\\/\\\/podium19.nl\\\/de\\\/#\\\/schema\\\/logo\\\/image\\\/\"}}]}<\/script>\n<!-- \/ Yoast SEO plugin. -->","yoast_head_json":{"title":"Kombi-Angebote - Podium19","description":"Sie k\u00f6nnen sich nicht zwischen unseren Spielen entscheiden? Das ist nicht n\u00f6tig! Bei den Kombi-Angeboten erhalten Sie eine Erm\u00e4\u00dfigung, wenn Sie 2 Aktivit\u00e4ten durchf\u00fchren.","robots":{"index":"index","follow":"follow","max-snippet":"max-snippet:-1","max-image-preview":"max-image-preview:large","max-video-preview":"max-video-preview:-1"},"canonical":"https:\/\/podium19.nl\/de\/combo-angebote\/","og_locale":"de_DE","og_type":"article","og_title":"Kombi-Angebote - Podium19","og_description":"Sie k\u00f6nnen sich nicht zwischen unseren Spielen entscheiden? Das ist nicht n\u00f6tig! Bei den Kombi-Angeboten erhalten Sie eine Erm\u00e4\u00dfigung, wenn Sie 2 Aktivit\u00e4ten durchf\u00fchren.","og_url":"https:\/\/podium19.nl\/de\/combo-angebote\/","og_site_name":"Podium19","article_modified_time":"2026-04-07T13:19:12+00:00","og_image":[{"width":900,"height":190,"url":"https:\/\/podium19.nl\/wp-content\/uploads\/2023\/05\/Group-12.png?wsr","type":"image\/png"}],"twitter_card":"summary_large_image","twitter_misc":{"Gesch\u00e4tzte Lesezeit":"2\u00a0Minuten"},"schema":{"@context":"https:\/\/schema.org","@graph":[{"@type":"WebPage","@id":"https:\/\/podium19.nl\/de\/combo-angebote\/","url":"https:\/\/podium19.nl\/de\/combo-angebote\/","name":"Kombi-Angebote - Podium19","isPartOf":{"@id":"https:\/\/podium19.nl\/de\/#website"},"primaryImageOfPage":{"@id":"https:\/\/podium19.nl\/de\/combo-angebote\/#primaryimage"},"image":{"@id":"https:\/\/podium19.nl\/de\/combo-angebote\/#primaryimage"},"thumbnailUrl":"https:\/\/podium19.nl\/wp-content\/uploads\/2023\/05\/Group-12.png?wsr","datePublished":"2023-03-20T09:11:44+00:00","dateModified":"2026-04-07T13:19:12+00:00","description":"Sie k\u00f6nnen sich nicht zwischen unseren Spielen entscheiden? Das ist nicht n\u00f6tig! Bei den Kombi-Angeboten erhalten Sie eine Erm\u00e4\u00dfigung, wenn Sie 2 Aktivit\u00e4ten durchf\u00fchren.","breadcrumb":{"@id":"https:\/\/podium19.nl\/de\/combo-angebote\/#breadcrumb"},"inLanguage":"de","potentialAction":[{"@type":"ReadAction","target":["https:\/\/podium19.nl\/de\/combo-angebote\/"]}]},{"@type":"ImageObject","inLanguage":"de","@id":"https:\/\/podium19.nl\/de\/combo-angebote\/#primaryimage","url":"https:\/\/podium19.nl\/wp-content\/uploads\/2023\/05\/Group-12.png?wsr","contentUrl":"https:\/\/podium19.nl\/wp-content\/uploads\/2023\/05\/Group-12.png?wsr"},{"@type":"BreadcrumbList","@id":"https:\/\/podium19.nl\/de\/combo-angebote\/#breadcrumb","itemListElement":[{"@type":"ListItem","position":1,"name":"Home","item":"https:\/\/podium19.nl\/de\/"},{"@type":"ListItem","position":2,"name":"Kombi-Angebote"}]},{"@type":"WebSite","@id":"https:\/\/podium19.nl\/de\/#website","url":"https:\/\/podium19.nl\/de\/","name":"Podium19","description":"Let&#039;s Play, Eat, Meet at Podium 19.","publisher":{"@id":"https:\/\/podium19.nl\/de\/#organization"},"potentialAction":[{"@type":"SearchAction","target":{"@type":"EntryPoint","urlTemplate":"https:\/\/podium19.nl\/de\/?s={search_term_string}"},"query-input":{"@type":"PropertyValueSpecification","valueRequired":true,"valueName":"search_term_string"}}],"inLanguage":"de"},{"@type":"Organization","@id":"https:\/\/podium19.nl\/de\/#organization","name":"Podium19","url":"https:\/\/podium19.nl\/de\/","logo":{"@type":"ImageObject","inLanguage":"de","@id":"https:\/\/podium19.nl\/de\/#\/schema\/logo\/image\/","url":"https:\/\/podium19.nl\/wp-content\/uploads\/2023\/03\/Group-15-1.png?wsr","contentUrl":"https:\/\/podium19.nl\/wp-content\/uploads\/2023\/03\/Group-15-1.png?wsr","width":191,"height":40,"caption":"Podium19"},"image":{"@id":"https:\/\/podium19.nl\/de\/#\/schema\/logo\/image\/"}}]}},"_links":{"self":[{"href":"https:\/\/podium19.nl\/de\/wp-json\/wp\/v2\/pages\/1671","targetHints":{"allow":["GET"]}}],"collection":[{"href":"https:\/\/podium19.nl\/de\/wp-json\/wp\/v2\/pages"}],"about":[{"href":"https:\/\/podium19.nl\/de\/wp-json\/wp\/v2\/types\/page"}],"author":[{"embeddable":true,"href":"https:\/\/podium19.nl\/de\/wp-json\/wp\/v2\/users\/3680"}],"replies":[{"embeddable":true,"href":"https:\/\/podium19.nl\/de\/wp-json\/wp\/v2\/comments?post=1671"}],"version-history":[{"count":14,"href":"https:\/\/podium19.nl\/de\/wp-json\/wp\/v2\/pages\/1671\/revisions"}],"predecessor-version":[{"id":8356,"href":"https:\/\/podium19.nl\/de\/wp-json\/wp\/v2\/pages\/1671\/revisions\/8356"}],"wp:attachment":[{"href":"https:\/\/podium19.nl\/de\/wp-json\/wp\/v2\/media?parent=1671"}],"curies":[{"name":"wp","href":"https:\/\/api.w.org\/{rel}","templated":true}]}}